{"id":33,"date":"2022-05-02T13:56:48","date_gmt":"2022-05-02T13:56:48","guid":{"rendered":"https:\/\/www.farmorscafe.fi\/?page_id=33"},"modified":"2026-04-16T15:10:49","modified_gmt":"2026-04-16T15:10:49","slug":"nae-ja-koe","status":"publish","type":"page","link":"https:\/\/www.farmorscafe.fi\/sv\/nae-ja-koe\/","title":{"rendered":"Uppt\u00e4ck"},"content":{"rendered":"<p>[et_pb_section fb_built=&#8221;1&#8243; _builder_version=&#8221;4.24.2&#8243; _module_preset=&#8221;default&#8221; background_image=&#8221;https:\/\/www.farmorscafe.fi\/wp-content\/uploads\/2024\/03\/9E2CB685-57BA-4988-884B-43848B58734B-2-2.jpeg&#8221; height=&#8221;750px&#8221; height_tablet=&#8221;400px&#8221; height_phone=&#8221;400px&#8221; height_last_edited=&#8221;on|phone&#8221; global_colors_info=&#8221;{}&#8221;][et_pb_row _builder_version=&#8221;4.17.4&#8243; _module_preset=&#8221;default&#8221; global_colors_info=&#8221;{}&#8221;][et_pb_column type=&#8221;4_4&#8243; _builder_version=&#8221;4.17.4&#8243; _module_preset=&#8221;default&#8221; global_colors_info=&#8221;{}&#8221;][\/et_pb_column][\/et_pb_row][\/et_pb_section][et_pb_section fb_built=&#8221;1&#8243; custom_padding_last_edited=&#8221;on|phone&#8221; _builder_version=&#8221;4.17.4&#8243; _module_preset=&#8221;default&#8221; custom_margin_tablet=&#8221;||||false|false&#8221; custom_margin_last_edited=&#8221;off|tablet&#8221; custom_padding=&#8221;||0px||false|false&#8221; custom_padding_tablet=&#8221;20px||||false|false&#8221; custom_padding_phone=&#8221;20px||||false|false&#8221; global_colors_info=&#8221;{}&#8221;][et_pb_row _builder_version=&#8221;4.17.3&#8243; _module_preset=&#8221;default&#8221; global_colors_info=&#8221;{}&#8221;][et_pb_column type=&#8221;4_4&#8243; _builder_version=&#8221;4.17.3&#8243; _module_preset=&#8221;default&#8221; global_colors_info=&#8221;{}&#8221;][et_pb_text _builder_version=&#8221;4.19.0&#8243; _module_preset=&#8221;default&#8221; text_font=&#8221;Open Sans||||||||&#8221; text_font_size=&#8221;16px&#8221; header_2_font_size=&#8221;70px&#8221; header_3_font_size=&#8221;50px&#8221; header_2_font_size_tablet=&#8221;60px&#8221; header_2_font_size_phone=&#8221;45px&#8221; header_2_font_size_last_edited=&#8221;on|phone&#8221; global_colors_info=&#8221;{}&#8221;]<\/p>\n<h2 style=\"text-align: center;\">N\u00e4e ja Koe<\/h2>\n<p>[\/et_pb_text][\/et_pb_column][\/et_pb_row][\/et_pb_section][et_pb_section fb_built=&#8221;1&#8243; _builder_version=&#8221;4.24.2&#8243; _module_preset=&#8221;default&#8221; background_color=&#8221;#efefef&#8221; custom_margin=&#8221;||||false|false&#8221; custom_padding=&#8221;20px||20px||false|false&#8221; global_colors_info=&#8221;{}&#8221;][et_pb_row column_structure=&#8221;1_2,1_2&#8243; make_equal=&#8221;on&#8221; custom_padding_last_edited=&#8221;on|phone&#8221; _builder_version=&#8221;4.24.2&#8243; _module_preset=&#8221;default&#8221; custom_padding_tablet=&#8221;&#8221; custom_padding_phone=&#8221;0px||||false|false&#8221; global_colors_info=&#8221;{}&#8221;][et_pb_column type=&#8221;1_2&#8243; _builder_version=&#8221;4.19.0&#8243; _module_preset=&#8221;default&#8221; custom_padding=&#8221;148px||||false|false&#8221; global_colors_info=&#8221;{}&#8221;][et_pb_image src=&#8221;https:\/\/www.farmorscafe.fi\/wp-content\/uploads\/2022\/05\/Farmorscafe-pics-800&#215;800-2-min.jpeg&#8221; title_text=&#8221;Farmorscafe-pics-800&#215;800-2-min&#8221; align_tablet=&#8221;center&#8221; align_phone=&#8221;center&#8221; align_last_edited=&#8221;on|phone&#8221; _builder_version=&#8221;4.24.2&#8243; _module_preset=&#8221;default&#8221; width_tablet=&#8221;90%&#8221; width_phone=&#8221;100%&#8221; width_last_edited=&#8221;on|tablet&#8221; global_colors_info=&#8221;{}&#8221;][\/et_pb_image][\/et_pb_column][et_pb_column type=&#8221;1_2&#8243; _builder_version=&#8221;4.17.3&#8243; _module_preset=&#8221;default&#8221; border_color_top=&#8221;rgba(122,114,126,0.41)&#8221; border_style_top=&#8221;dashed&#8221; border_color_bottom=&#8221;rgba(122,114,126,0.41)&#8221; border_style_bottom=&#8221;dashed&#8221; global_colors_info=&#8221;{}&#8221;][et_pb_text _builder_version=&#8221;4.27.6&#8243; _module_preset=&#8221;default&#8221; text_font=&#8221;Open Sans||||||||&#8221; text_font_size=&#8221;16px&#8221; header_2_font_size=&#8221;50px&#8221; header_3_font_size=&#8221;50px&#8221; custom_margin=&#8221;50px||20px||false|false&#8221; custom_margin_tablet=&#8221;20px||||false|false&#8221; custom_margin_phone=&#8221;20px||||false|false&#8221; custom_margin_last_edited=&#8221;on|tablet&#8221; hover_enabled=&#8221;0&#8243; header_2_font_size_tablet=&#8221;50px&#8221; header_2_font_size_phone=&#8221;45px&#8221; header_2_font_size_last_edited=&#8221;on|phone&#8221; global_colors_info=&#8221;{}&#8221; sticky_enabled=&#8221;0&#8243;]<\/p>\n<h2 style=\"text-align: center;\">Tapahtumat Farmors Caf\u00e9ssa<\/h2>\n<p>&nbsp;<\/p>\n<p style=\"text-align: center;\"><strong>1.5 AVAAMME KAUDEN\u00a0<\/strong><\/p>\n<p class=\"p1\" style=\"text-align: center;\">Avoinna joka viikonloppu (pe\u2013su) toukokuussa klo 12\u201317. Tervetuloa nauttimaan suolaisista herkuista, leivonnaisista sek\u00e4 l\u00e4mpim\u00e4st\u00e4 pizzauunistamme.<\/p>\n<p class=\"p1\" style=\"text-align: center;\">Vappuna tarjoilemme sm\u00f6rrebr\u00f6d &amp; lisukkeet (ranskalaiset tai salaatti), kotitekoisia munkkeja ja simaa.<\/p>\n<p class=\"p1\" style=\"text-align: center;\"><strong>\u00a010.5 \u2013 \u00c4ITIENP\u00c4IV\u00c4\u00a0<\/strong><\/p>\n<p class=\"p1\" style=\"text-align: center;\">Tervetuloa viett\u00e4m\u00e4\u00e4n \u00e4itienp\u00e4iv\u00e4\u00e4 kanssamme.\u00a0Tarjoilemme sm\u00f6rrebr\u00f6d &amp; lisukkeet (ranskalaiset tai salaatti), \u00e4itienp\u00e4iv\u00e4leivonnaisia sek\u00e4 herkkuja pizzauunista.<\/p>\n<p class=\"isSelectedEnd\" style=\"text-align: center;\"><strong>19 KES\u00c4KUUTA<\/strong><\/p>\n<p class=\"isSelectedEnd\" style=\"text-align: center;\"><span>JUHANNUUSAATTO \u2013 JIMMY TR\u00c4SKELIN &amp; VEERA HIRVASKERO<\/span><br \/><span>Pelimannimusiikkia &amp; juhannusvalssi Caf\u00e9brygganilla klo 16 (s\u00e4\u00e4varaus)<\/span><\/p>\n<p class=\"isSelectedEnd\" style=\"text-align: center;\"><strong>20 KES\u00c4KUUTA<\/strong><\/p>\n<p class=\"isSelectedEnd\" style=\"text-align: center;\"><span>JUHANNUUSP\u00c4IV\u00c4<\/span><br \/><span>Muistathan varata p\u00f6yd\u00e4n lounaalle tai illalliselle verkkosivujemme kautta <\/span><a href=\"https:\/\/www.farmorscafe.fi\"><span>www.farmorscafe.fi<\/span><\/a><\/p>\n<p class=\"isSelectedEnd\" style=\"text-align: center;\"><strong>10 HEIN\u00c4KUUTA<\/strong><\/p>\n<p class=\"isSelectedEnd\" style=\"text-align: center;\"><span>KES\u00c4ILTA FARMORSISSA INGRIDIN KANSSA<\/span><\/p>\n<p class=\"isSelectedEnd\" style=\"text-align: center;\"><span>Kes\u00e4inen minglailuilta musiikin, ruoan ja hyv\u00e4n tunnelman parissa<\/span><\/p>\n<p class=\"isSelectedEnd\" style=\"text-align: center;\"><span>INGRID esiintyy klo 18 (tunnettu mm. Ruotsin Idolista)<\/span><br \/><span>Minglailu klo 16 -&gt;<\/span><\/p>\n<p class=\"isSelectedEnd\" style=\"text-align: center;\"><span>Normaali p\u00f6yt\u00e4varaus (2,5 h) klo 15.00 asti osoitteessa <\/span><a href=\"https:\/\/www.farmorscafe.fi\"><span>www.farmorscafe.fi<\/span><\/a><span>, sen j\u00e4lkeen t\u00e4yt\u00e4mme p\u00f6yd\u00e4t saapumisj\u00e4rjestyksess\u00e4. Ruoan tilaaminen edellytt\u00e4\u00e4 p\u00f6yt\u00e4paikkaa, joten suosittelemme saapumaan ajoissa. Huomioithan, ett\u00e4 drop-in-paikkoja on rajoitetusti. Koko p\u00e4iv\u00e4n ajan tarjolla on tavallinen kes\u00e4menumme.<\/span><\/p>\n<p class=\"isSelectedEnd\" style=\"text-align: center;\"><strong>KAKSI VIIMEIST\u00c4 TORSTAITA HEIN\u00c4KUUSSA 23 &amp; 30<\/strong><\/p>\n<p class=\"isSelectedEnd\" style=\"text-align: center;\"><span>SPELM\u00c4N OHOJ<\/span><br \/><span>Pelimannimusiikkia ja kes\u00e4valssi Caf\u00e9brygganilla klo 18 (s\u00e4\u00e4varaus)<\/span><\/p>\n<p class=\"isSelectedEnd\" style=\"text-align: center;\"><span><\/span><\/p>\n<p class=\"isSelectedEnd\" style=\"text-align: center;\"><span><\/span><\/p>\n<p style=\"text-align: center;\"><em>Spruce pit\u00e4\u00e4 taukoa esiintymisist\u00e4 kes\u00e4ll\u00e4 2026 ja palaa vuonna 2027 perinteiseen kes\u00e4juhlaan.<\/em><\/p>\n<p style=\"text-align: center;\">[\/et_pb_text][\/et_pb_column][\/et_pb_row][\/et_pb_section][et_pb_section fb_built=&#8221;1&#8243; _builder_version=&#8221;4.17.3&#8243; _module_preset=&#8221;default&#8221; background_enable_color=&#8221;off&#8221; custom_margin=&#8221;||||false|false&#8221; custom_padding=&#8221;20px||20px||false|false&#8221; global_colors_info=&#8221;{}&#8221;][et_pb_row column_structure=&#8221;1_2,1_2&#8243; make_equal=&#8221;on&#8221; module_class=&#8221;reverse-columns-mobile&#8221; _builder_version=&#8221;4.17.4&#8243; _module_preset=&#8221;default&#8221; global_colors_info=&#8221;{}&#8221;][et_pb_column type=&#8221;1_2&#8243; _builder_version=&#8221;4.17.3&#8243; _module_preset=&#8221;default&#8221; border_color_top=&#8221;rgba(122,114,126,0.41)&#8221; border_style_top=&#8221;dashed&#8221; border_color_bottom=&#8221;rgba(122,114,126,0.41)&#8221; border_style_bottom=&#8221;dashed&#8221; global_colors_info=&#8221;{}&#8221;][et_pb_text _builder_version=&#8221;4.17.4&#8243; _module_preset=&#8221;default&#8221; text_font=&#8221;Open Sans||||||||&#8221; text_font_size=&#8221;16px&#8221; header_2_font_size=&#8221;50px&#8221; header_3_font_size=&#8221;50px&#8221; custom_margin=&#8221;70px||20px||false|false&#8221; custom_margin_tablet=&#8221;20px||||false|false&#8221; custom_margin_phone=&#8221;20px||||false|false&#8221; custom_margin_last_edited=&#8221;on|phone&#8221; global_colors_info=&#8221;{}&#8221;]<\/p>\n<h2 style=\"text-align: center;\">H\u00f6gs\u00e5ra on kes\u00e4saari koko perheelle<\/h2>\n<p style=\"text-align: center;\">\n<p style=\"text-align: center;\">H\u00f6gs\u00e5ra on kaunis kes\u00e4saari ja p\u00e4iv\u00e4retkikohde, josta l\u00f6ytyy luonnonpuistoja ja n\u00e4ht\u00e4v\u00e4\u00e4 koko perheelle. Tutustu H\u00f6gs\u00e5ran n\u00e4ht\u00e4vyyksiin ja saaren kaikkiin palveluihin painikkeiden kautta.<\/p>\n<p>[\/et_pb_text][et_pb_button button_url=&#8221;https:\/\/hogsara.eu&#8221; url_new_window=&#8221;on&#8221; button_text=&#8221;Tutustu H\u00f6gs\u00e5raan&#8221; button_alignment=&#8221;center&#8221; _builder_version=&#8221;4.17.3&#8243; _module_preset=&#8221;default&#8221; custom_margin=&#8221;||15px||false|false&#8221; custom_padding=&#8221;||||false|false&#8221; global_colors_info=&#8221;{}&#8221;][\/et_pb_button][et_pb_text _builder_version=&#8221;4.17.4&#8243; _module_preset=&#8221;default&#8221; text_font=&#8221;Open Sans||||||||&#8221; text_font_size=&#8221;16px&#8221; header_2_font_size=&#8221;50px&#8221; header_3_font_size=&#8221;50px&#8221; custom_margin=&#8221;20px||20px||false|false&#8221; custom_margin_tablet=&#8221;20px||||false|false&#8221; custom_margin_phone=&#8221;20px||||false|false&#8221; custom_margin_last_edited=&#8221;on|phone&#8221; global_colors_info=&#8221;{}&#8221;]<\/p>\n<p style=\"text-align: center;\">Jos haluat kuunnella lis\u00e4\u00e4 H\u00f6gs\u00e5ran historiasta siirry oppaaseen. Oppaassa kerrotaan mm. H\u00f6gs\u00e5ran luotseista ja saariel\u00e4m\u00e4st\u00e4.<\/p>\n<p>[\/et_pb_text][et_pb_button button_url=&#8221;https:\/\/hogsara.eu\/?page_id=1456&#8243; url_new_window=&#8221;on&#8221; button_text=&#8221;H\u00f6gs\u00e5ran \u00e4\u00e4niopas&#8221; button_alignment=&#8221;center&#8221; _builder_version=&#8221;4.17.3&#8243; _module_preset=&#8221;default&#8221; global_colors_info=&#8221;{}&#8221;][\/et_pb_button][et_pb_text _builder_version=&#8221;4.17.4&#8243; _module_preset=&#8221;default&#8221; text_font=&#8221;Open Sans||||||||&#8221; text_font_size=&#8221;16px&#8221; header_2_font_size=&#8221;50px&#8221; header_3_font_size=&#8221;50px&#8221; custom_margin=&#8221;20px||20px||false|false&#8221; custom_margin_tablet=&#8221;20px||||false|false&#8221; custom_margin_phone=&#8221;20px||||false|false&#8221; custom_margin_last_edited=&#8221;on|phone&#8221; global_colors_info=&#8221;{}&#8221;]<\/p>\n<p style=\"text-align: center;\">H\u00f6gs\u00e5ran l\u00e4hell\u00e4 on monia n\u00e4ht\u00e4vyyksi\u00e4, esim. Bengtsk\u00e4rin majakka, Rosalaan viikingikyl\u00e4 ja \u00d6r\u00f6\u00f6n kaunis luonto. Tutustu Kemi\u00f6nsaareen n\u00e4ht\u00e4vyksiin kunnan kotisivulla.<\/p>\n<p>[\/et_pb_text][et_pb_button button_url=&#8221;https:\/\/www.visitkimitoon.fi\/&#8221; url_new_window=&#8221;on&#8221; button_text=&#8221;Tutustu Kemi\u00f6nsaareen&#8221; button_alignment=&#8221;center&#8221; _builder_version=&#8221;4.17.4&#8243; _module_preset=&#8221;default&#8221; global_colors_info=&#8221;{}&#8221;][\/et_pb_button][\/et_pb_column][et_pb_column type=&#8221;1_2&#8243; _builder_version=&#8221;4.17.3&#8243; _module_preset=&#8221;default&#8221; border_color_top=&#8221;rgba(122,114,126,0.41)&#8221; border_style_top=&#8221;dashed&#8221; border_color_bottom=&#8221;rgba(122,114,126,0.41)&#8221; border_style_bottom=&#8221;dashed&#8221; global_colors_info=&#8221;{}&#8221;][et_pb_image src=&#8221;https:\/\/www.farmorscafe.fi\/wp-content\/uploads\/2022\/05\/1DAAEC22-2F81-44DF-AE26-3B36851D32F3_1_201_a-min.jpeg&#8221; title_text=&#8221;1DAAEC22-2F81-44DF-AE26-3B36851D32F3_1_201_a-min&#8221; align=&#8221;center&#8221; align_tablet=&#8221;center&#8221; align_phone=&#8221;center&#8221; align_last_edited=&#8221;on|tablet&#8221; _builder_version=&#8221;4.24.2&#8243; _module_preset=&#8221;default&#8221; width=&#8221;80%&#8221; width_tablet=&#8221;80%&#8221; width_phone=&#8221;80%&#8221; width_last_edited=&#8221;on|desktop&#8221; height_tablet=&#8221;500px&#8221; height_last_edited=&#8221;off|phone&#8221; max_height_tablet=&#8221;500px&#8221; max_height_last_edited=&#8221;off|phone&#8221; global_colors_info=&#8221;{}&#8221;][\/et_pb_image][\/et_pb_column][\/et_pb_row][\/et_pb_section]<\/p>\n","protected":false},"excerpt":{"rendered":"<p>N\u00e4e ja KoeTapahtumat Farmors Caf\u00e9ssa &nbsp; 1.5 AVAAMME KAUDEN\u00a0 Avoinna joka viikonloppu (pe\u2013su) toukokuussa klo 12\u201317. Tervetuloa nauttimaan suolaisista herkuista, leivonnaisista sek\u00e4 l\u00e4mpim\u00e4st\u00e4 pizzauunistamme. Vappuna tarjoilemme sm\u00f6rrebr\u00f6d &amp; lisukkeet (ranskalaiset tai salaatti), kotitekoisia munkkeja ja simaa. \u00a010.5 \u2013 \u00c4ITIENP\u00c4IV\u00c4\u00a0 Tervetuloa viett\u00e4m\u00e4\u00e4n \u00e4itienp\u00e4iv\u00e4\u00e4 kanssamme.\u00a0Tarjoilemme sm\u00f6rrebr\u00f6d &amp; lisukkeet (ranskalaiset tai salaatti), \u00e4itienp\u00e4iv\u00e4leivonnaisia sek\u00e4 herkkuja pizzauunista. 19 KES\u00c4KUUTA [&hellip;]<\/p>\n","protected":false},"author":1,"featured_media":0,"parent":0,"menu_order":0,"comment_status":"closed","ping_status":"closed","template":"","meta":{"_et_pb_use_builder":"on","_et_pb_old_content":"","_et_gb_content_width":"","footnotes":""},"class_list":["post-33","page","type-page","status-publish","hentry"],"_links":{"self":[{"href":"https:\/\/www.farmorscafe.fi\/sv\/wp-json\/wp\/v2\/pages\/33","targetHints":{"allow":["GET"]}}],"collection":[{"href":"https:\/\/www.farmorscafe.fi\/sv\/wp-json\/wp\/v2\/pages"}],"about":[{"href":"https:\/\/www.farmorscafe.fi\/sv\/wp-json\/wp\/v2\/types\/page"}],"author":[{"embeddable":true,"href":"https:\/\/www.farmorscafe.fi\/sv\/wp-json\/wp\/v2\/users\/1"}],"replies":[{"embeddable":true,"href":"https:\/\/www.farmorscafe.fi\/sv\/wp-json\/wp\/v2\/comments?post=33"}],"version-history":[{"count":73,"href":"https:\/\/www.farmorscafe.fi\/sv\/wp-json\/wp\/v2\/pages\/33\/revisions"}],"predecessor-version":[{"id":1340,"href":"https:\/\/www.farmorscafe.fi\/sv\/wp-json\/wp\/v2\/pages\/33\/revisions\/1340"}],"wp:attachment":[{"href":"https:\/\/www.farmorscafe.fi\/sv\/wp-json\/wp\/v2\/media?parent=33"}],"curies":[{"name":"wp","href":"https:\/\/api.w.org\/{rel}","templated":true}]}}