{"id":29,"date":"2022-05-02T13:56:29","date_gmt":"2022-05-02T13:56:29","guid":{"rendered":"https:\/\/www.farmorscafe.fi\/?page_id=29"},"modified":"2025-06-24T17:18:58","modified_gmt":"2025-06-24T17:18:58","slug":"ruoka","status":"publish","type":"page","link":"https:\/\/www.farmorscafe.fi\/sv\/ruoka\/","title":{"rendered":"Mat"},"content":{"rendered":"<p>[et_pb_section fb_built=&#8221;1&#8243; _builder_version=&#8221;4.17.4&#8243; _module_preset=&#8221;default&#8221; background_image=&#8221;https:\/\/www.farmorscafe.fi\/wp-content\/uploads\/2022\/05\/banneri-min.jpg&#8221; height=&#8221;750px&#8221; height_tablet=&#8221;400px&#8221; height_phone=&#8221;400px&#8221; height_last_edited=&#8221;on|phone&#8221; global_colors_info=&#8221;{}&#8221;][et_pb_row _builder_version=&#8221;4.17.4&#8243; _module_preset=&#8221;default&#8221; global_colors_info=&#8221;{}&#8221;][et_pb_column type=&#8221;4_4&#8243; _builder_version=&#8221;4.17.4&#8243; _module_preset=&#8221;default&#8221; global_colors_info=&#8221;{}&#8221;][\/et_pb_column][\/et_pb_row][\/et_pb_section][et_pb_section fb_built=&#8221;1&#8243; _builder_version=&#8221;4.17.3&#8243; _module_preset=&#8221;default&#8221; custom_padding=&#8221;||0px||false|false&#8221; global_colors_info=&#8221;{}&#8221;][et_pb_row _builder_version=&#8221;4.17.3&#8243; _module_preset=&#8221;default&#8221; global_colors_info=&#8221;{}&#8221;][et_pb_column type=&#8221;4_4&#8243; _builder_version=&#8221;4.17.3&#8243; _module_preset=&#8221;default&#8221; global_colors_info=&#8221;{}&#8221;][et_pb_text _builder_version=&#8221;4.17.4&#8243; _module_preset=&#8221;default&#8221; text_font=&#8221;Open Sans||||||||&#8221; text_font_size=&#8221;16px&#8221; header_2_font_size=&#8221;70px&#8221; header_2_font_size_tablet=&#8221;60px&#8221; header_2_font_size_phone=&#8221;45px&#8221; header_2_font_size_last_edited=&#8221;on|phone&#8221; global_colors_info=&#8221;{}&#8221;]<\/p>\n<h2 style=\"text-align: center;\">Meid\u00e4n ruoka<\/h2>\n<p style=\"text-align: center;\">Farmors Caf\u00e9 on rakennettu Gamlas Lillstuga -nimiseen entiseen luotsitupaan, joka on rakennettu 1700- ja 1800-luvun vaihteessa. Iso\u00e4iti Erika asui tuvassa yksin viidentoista vuoden ajan puolisonsa Jannen kuoltua vuonna 1935. Sen t\u00e4hden pient\u00e4 valkonurkkaista punamultataloa alettiin kutsua &#8217;Iso\u00e4idin taloksi&#8217;. Talo on muuttunut ja kasvanut talonv\u00e4en my\u00f6t\u00e4, mutta vanhat hirsisein\u00e4t ovat yh\u00e4 entisell\u00e4\u00e4n ja voivat kertoa tulevillekin sukupolville entisist\u00e4 ajoista ja siell\u00e4 asuvasta onnesta. Me kahvilaravintola\u00a0Farmors Caf\u00e9ssa olemme\u00a0luoneet\u00a0vieraillemme\u00a0unohtumattomia kokemuksia jo vuodesta 1994 l\u00e4htien.<\/p>\n<p style=\"text-align: center;\">Ruokafilosofiamme perustuu aitoon ruoanlaittoon,\u00a0menu vaihtelee p\u00e4ivitt\u00e4in riippuen sesongin raaka-aineista.\u00a0Arvostamme luonnonl\u00e4heist\u00e4 ruoanlaittoa ja hy\u00f6dynn\u00e4mme saaren omia antimia. Ensisijaisesti raaka-aineet tulevat paikallisilta tuottajilta ja koristelemme my\u00f6s annokset puutarhamme kukilla ja yrteill\u00e4. Valmistamme jokaisen annoksen huolellisesti, jotta lopputulos olisi ilo sek\u00e4 silm\u00e4lle ett\u00e4 makuel\u00e4mykselle.\u00a0Sen vuoksi olemme my\u00f6s iloisia siit\u00e4, ett\u00e4 kahvilan uusiutuva s\u00e4hk\u00f6 tulee saaren kolmesta tuulivoimalasta: Frej, Ilo ja Flora.<\/p>\n<p>[\/et_pb_text][et_pb_text _builder_version=&#8221;4.27.4&#8243; _module_preset=&#8221;default&#8221; text_font=&#8221;Open Sans||||||||&#8221; text_font_size=&#8221;16px&#8221; link_font=&#8221;|700|||on||||&#8221; header_2_font_size=&#8221;70px&#8221; link_option_url_new_window=&#8221;on&#8221; hover_enabled=&#8221;0&#8243; global_colors_info=&#8221;{}&#8221; sticky_enabled=&#8221;0&#8243;]<\/p>\n<p style=\"text-align: center;\">P\u00f6yt\u00e4varaus kauttamme on helppoa. P\u00f6yt\u00e4varauksen voit peruuttaa helposti\u00a0<span>tarpeen mukaan viimeist\u00e4\u00e4n 24 tuntia ennen varausta. L<\/span>\u00f6yd\u00e4t linkin p\u00f6yt\u00e4varauksen peruutukseen s\u00e4hk\u00f6postivahvistuksesta.<\/p>\n<p>[\/et_pb_text][dipl_facebook_embedded_video _builder_version=&#8221;4.20.4&#8243; _module_preset=&#8221;default&#8221; global_colors_info=&#8221;{}&#8221;][\/dipl_facebook_embedded_video][et_pb_button button_url=&#8221;https:\/\/slotti.fi\/booking\/farmorscafe\/#\/&#8221; url_new_window=&#8221;on&#8221; button_text=&#8221;Tee p\u00f6yt\u00e4varaus&#8221; button_alignment=&#8221;center&#8221; _builder_version=&#8221;4.17.3&#8243; _module_preset=&#8221;default&#8221; global_colors_info=&#8221;{}&#8221;][\/et_pb_button][\/et_pb_column][\/et_pb_row][\/et_pb_section][et_pb_section fb_built=&#8221;1&#8243; _builder_version=&#8221;4.17.3&#8243; _module_preset=&#8221;default&#8221; background_color=&#8221;#efefef&#8221; custom_margin=&#8221;||||false|false&#8221; custom_padding=&#8221;20px||20px||false|false&#8221; global_colors_info=&#8221;{}&#8221;][et_pb_row column_structure=&#8221;1_2,1_2&#8243; make_equal=&#8221;on&#8221; _builder_version=&#8221;4.17.3&#8243; _module_preset=&#8221;default&#8221; global_colors_info=&#8221;{}&#8221;][et_pb_column type=&#8221;1_2&#8243; _builder_version=&#8221;4.17.3&#8243; _module_preset=&#8221;default&#8221; global_colors_info=&#8221;{}&#8221;][et_pb_image src=&#8221;https:\/\/www.farmorscafe.fi\/wp-content\/uploads\/2023\/03\/313E9091-3467-482E-8EB7-1BE65243AD6E.jpeg&#8221; title_text=&#8221;313E9091-3467-482E-8EB7-1BE65243AD6E&#8221; align_tablet=&#8221;center&#8221; align_phone=&#8221;center&#8221; align_last_edited=&#8221;on|phone&#8221; _builder_version=&#8221;4.20.4&#8243; _module_preset=&#8221;default&#8221; width=&#8221;90%&#8221; width_tablet=&#8221;90%&#8221; width_phone=&#8221;90%&#8221; width_last_edited=&#8221;on|desktop&#8221; height_last_edited=&#8221;off|phone&#8221; max_height_last_edited=&#8221;off|phone&#8221; global_colors_info=&#8221;{}&#8221;][\/et_pb_image][\/et_pb_column][et_pb_column type=&#8221;1_2&#8243; _builder_version=&#8221;4.17.3&#8243; _module_preset=&#8221;default&#8221; border_color_top=&#8221;rgba(122,114,126,0.41)&#8221; border_style_top=&#8221;dashed&#8221; border_color_bottom=&#8221;rgba(122,114,126,0.41)&#8221; border_style_bottom=&#8221;dashed&#8221; global_colors_info=&#8221;{}&#8221;][et_pb_text _builder_version=&#8221;4.17.4&#8243; _module_preset=&#8221;default&#8221; text_font=&#8221;Open Sans||||||||&#8221; text_font_size=&#8221;16px&#8221; header_2_font_size=&#8221;70px&#8221; custom_margin=&#8221;100px||||false|false&#8221; custom_margin_tablet=&#8221;20px||||false|false&#8221; custom_margin_phone=&#8221;20px||||false|false&#8221; custom_margin_last_edited=&#8221;on|phone&#8221; header_2_font_size_tablet=&#8221;60px&#8221; header_2_font_size_phone=&#8221;45px&#8221; header_2_font_size_last_edited=&#8221;on|phone&#8221; global_colors_info=&#8221;{}&#8221;]<\/p>\n<h2 style=\"text-align: center;\">Kes\u00e4menu<\/h2>\n<p style=\"text-align: center;\"><strong>Joka p\u00e4iv\u00e4 klo. 12 alkaen, keitti\u00f6 sulkeutuu\u00a0tuntia ennen kahvilaa<\/strong><\/p>\n<p style=\"text-align: center;\">Meid\u00e4n kes\u00e4menulta voi tilata ruokaa\u00a0kello 12.00 l\u00e4htien. Menu vaihtelee raaka-aineiden mukaan, mutta tarjolla on aina liha-, kala- ja\u00a0kasvisvaihtoehto sek\u00e4\u00a0p\u00e4iv\u00e4n salaatti. Perheen\u00a0pienimmille l\u00f6ytyy my\u00f6s vaihtoehtoja. Annokset saavat inspiraationsa pohjoismaisesta keitti\u00f6st\u00e4\u00a0ja tarjoillaan itsepoimittujen villiyrttien kera.<\/p>\n<p>[\/et_pb_text][\/et_pb_column][\/et_pb_row][\/et_pb_section][et_pb_section fb_built=&#8221;1&#8243; _builder_version=&#8221;4.17.3&#8243; _module_preset=&#8221;default&#8221; background_enable_color=&#8221;off&#8221; custom_margin=&#8221;||||false|false&#8221; custom_padding=&#8221;20px||20px||false|false&#8221; global_colors_info=&#8221;{}&#8221;][et_pb_row column_structure=&#8221;1_2,1_2&#8243; make_equal=&#8221;on&#8221; module_class=&#8221;reverse-columns-mobile&#8221; _builder_version=&#8221;4.17.4&#8243; _module_preset=&#8221;default&#8221; global_colors_info=&#8221;{}&#8221;][et_pb_column type=&#8221;1_2&#8243; _builder_version=&#8221;4.17.3&#8243; _module_preset=&#8221;default&#8221; border_color_top=&#8221;rgba(122,114,126,0.41)&#8221; border_style_top=&#8221;dashed&#8221; border_color_bottom=&#8221;rgba(122,114,126,0.41)&#8221; border_style_bottom=&#8221;dashed&#8221; global_colors_info=&#8221;{}&#8221;][et_pb_text _builder_version=&#8221;4.17.4&#8243; _module_preset=&#8221;default&#8221; text_font=&#8221;Open Sans||||||||&#8221; text_font_size=&#8221;16px&#8221; header_2_font_size=&#8221;70px&#8221; custom_margin=&#8221;100px||||false|false&#8221; custom_margin_tablet=&#8221;20px||||false|false&#8221; custom_margin_phone=&#8221;20px||||false|false&#8221; custom_margin_last_edited=&#8221;on|phone&#8221; header_2_font_size_tablet=&#8221;60px&#8221; header_2_font_size_phone=&#8221;45px&#8221; header_2_font_size_last_edited=&#8221;on|phone&#8221; global_colors_info=&#8221;{}&#8221;]<\/p>\n<h2 style=\"text-align: center;\">Puutarhapizza<\/h2>\n<p style=\"text-align: center;\"><strong><\/strong><\/p>\n<p style=\"text-align: center;\"><strong>Joka p\u00e4iv\u00e4 klo. 12 alkaen, keitti\u00f6 sulkeutuu\u00a0tuntia\u00a0ennen kahvilaa\u00a0<\/strong><\/p>\n<p style=\"text-align: center;\">Aito italialaiseen tyyliin ja juureen tehty puutarhapizzamme valmistetaan puu-uunissa. Pizzoisamme on sek\u00e4 liha ett\u00e4 kasvisvaihtoehtoja sesongin raaka-aineiden mukaan.<\/p>\n<p>&nbsp;<\/p>\n<p>[\/et_pb_text][\/et_pb_column][et_pb_column type=&#8221;1_2&#8243; _builder_version=&#8221;4.17.3&#8243; _module_preset=&#8221;default&#8221; border_color_top=&#8221;rgba(122,114,126,0.41)&#8221; border_style_top=&#8221;dashed&#8221; border_color_bottom=&#8221;rgba(122,114,126,0.41)&#8221; border_style_bottom=&#8221;dashed&#8221; global_colors_info=&#8221;{}&#8221;][et_pb_image src=&#8221;https:\/\/www.farmorscafe.fi\/wp-content\/uploads\/2022\/05\/702DB0CF-C2E6-473C-B7D2-6906958F63B3.jpeg&#8221; title_text=&#8221;702DB0CF-C2E6-473C-B7D2-6906958F63B3&#8243; align=&#8221;center&#8221; align_tablet=&#8221;center&#8221; align_phone=&#8221;center&#8221; align_last_edited=&#8221;on|phone&#8221; _builder_version=&#8221;4.20.4&#8243; _module_preset=&#8221;default&#8221; width=&#8221;90%&#8221; width_tablet=&#8221;90%&#8221; width_phone=&#8221;90%&#8221; width_last_edited=&#8221;on|desktop&#8221; global_colors_info=&#8221;{}&#8221;][\/et_pb_image][\/et_pb_column][\/et_pb_row][\/et_pb_section][et_pb_section fb_built=&#8221;1&#8243; _builder_version=&#8221;4.17.3&#8243; _module_preset=&#8221;default&#8221; background_color=&#8221;#efefef&#8221; custom_margin=&#8221;||||false|false&#8221; custom_padding=&#8221;20px||20px||false|false&#8221; global_colors_info=&#8221;{}&#8221;][et_pb_row column_structure=&#8221;1_2,1_2&#8243; make_equal=&#8221;on&#8221; _builder_version=&#8221;4.17.3&#8243; _module_preset=&#8221;default&#8221; global_colors_info=&#8221;{}&#8221;][et_pb_column type=&#8221;1_2&#8243; _builder_version=&#8221;4.17.3&#8243; _module_preset=&#8221;default&#8221; global_colors_info=&#8221;{}&#8221;][et_pb_image src=&#8221;https:\/\/www.farmorscafe.fi\/wp-content\/uploads\/2022\/05\/Farmorscafe-pics-800&#215;800-19-min.jpg&#8221; title_text=&#8221;Farmorscafe-pics-800&#215;800-19-min&#8221; align_tablet=&#8221;center&#8221; align_phone=&#8221;center&#8221; align_last_edited=&#8221;on|phone&#8221; _builder_version=&#8221;4.20.4&#8243; _module_preset=&#8221;default&#8221; height_last_edited=&#8221;off|desktop&#8221; max_height_last_edited=&#8221;off|desktop&#8221; global_colors_info=&#8221;{}&#8221;][\/et_pb_image][\/et_pb_column][et_pb_column type=&#8221;1_2&#8243; _builder_version=&#8221;4.17.3&#8243; _module_preset=&#8221;default&#8221; border_color_top=&#8221;rgba(122,114,126,0.41)&#8221; border_style_top=&#8221;dashed&#8221; border_color_bottom=&#8221;rgba(122,114,126,0.41)&#8221; border_style_bottom=&#8221;dashed&#8221; global_colors_info=&#8221;{}&#8221;][et_pb_text _builder_version=&#8221;4.17.4&#8243; _module_preset=&#8221;default&#8221; text_font=&#8221;Open Sans||||||||&#8221; text_font_size=&#8221;16px&#8221; header_2_font_size=&#8221;70px&#8221; custom_margin=&#8221;100px||||false|false&#8221; custom_margin_tablet=&#8221;20px||||false|false&#8221; custom_margin_phone=&#8221;20px||||false|false&#8221; custom_margin_last_edited=&#8221;on|phone&#8221; header_2_font_size_tablet=&#8221;60px&#8221; header_2_font_size_phone=&#8221;45px&#8221; header_2_font_size_last_edited=&#8221;on|phone&#8221; global_colors_info=&#8221;{}&#8221;]<\/p>\n<h2 style=\"text-align: center;\">Kakkup\u00f6yt\u00e4<\/h2>\n<p style=\"text-align: center;\"><strong>Joka p\u00e4iv\u00e4\u00a0<\/strong><\/p>\n<p style=\"text-align: center;\">Farmors Caf\u00e9n kakkup\u00f6yt\u00e4 on katettu joka p\u00e4iv\u00e4 kello 12.00 alkaen.\u00a0Kakkuvalikoima sis\u00e4lt\u00e4\u00e4 klassikoita, jotka ovat olleet mukana kahvilan avaamisesta l\u00e4htien\u00a0sek\u00e4 uudempia kakkuja ja leivoksia.\u00a0Huomioimme my\u00f6s teid\u00e4t, joilla on erikoisdieettej\u00e4.<\/p>\n<p>[\/et_pb_text][\/et_pb_column][\/et_pb_row][\/et_pb_section][et_pb_section fb_built=&#8221;1&#8243; _builder_version=&#8221;4.17.3&#8243; _module_preset=&#8221;default&#8221; background_enable_color=&#8221;off&#8221; custom_margin=&#8221;||||false|false&#8221; custom_padding=&#8221;20px||20px||false|false&#8221; global_colors_info=&#8221;{}&#8221;][et_pb_row column_structure=&#8221;1_2,1_2&#8243; make_equal=&#8221;on&#8221; module_class=&#8221;reverse-columns-mobile&#8221; _builder_version=&#8221;4.17.4&#8243; _module_preset=&#8221;default&#8221; global_colors_info=&#8221;{}&#8221;][et_pb_column type=&#8221;1_2&#8243; _builder_version=&#8221;4.17.3&#8243; _module_preset=&#8221;default&#8221; border_color_top=&#8221;rgba(122,114,126,0.41)&#8221; border_style_top=&#8221;dashed&#8221; border_color_bottom=&#8221;rgba(122,114,126,0.41)&#8221; border_style_bottom=&#8221;dashed&#8221; global_colors_info=&#8221;{}&#8221;][et_pb_text _builder_version=&#8221;4.27.4&#8243; _module_preset=&#8221;default&#8221; text_font=&#8221;Open Sans||||||||&#8221; text_font_size=&#8221;16px&#8221; link_text_color=&#8221;#71937D&#8221; header_2_font_size=&#8221;70px&#8221; custom_margin=&#8221;100px||||false|false&#8221; custom_margin_tablet=&#8221;20px||||false|false&#8221; custom_margin_phone=&#8221;20px||||false|false&#8221; custom_margin_last_edited=&#8221;on|tablet&#8221; header_2_font_size_tablet=&#8221;50px&#8221; header_2_font_size_phone=&#8221;40px&#8221; header_2_font_size_last_edited=&#8221;on|phone&#8221; global_colors_info=&#8221;{}&#8221;]<\/p>\n<h2 style=\"text-align: center;\">Yksityistilaisuudet<\/h2>\n<p style=\"text-align: center;\">Meill\u00e4 on mahdollisuus j\u00e4rjest\u00e4\u00e4 r\u00e4\u00e4t\u00e4l\u00f6ityj\u00e4 tilaisuuksia suuremmille ryhmille. Isommille ryhmille (minimi 20 henkil\u00f6\u00e4) voidaan tilauksesta ja mahdollisuuksien mukaan kattaa suosittu saaristolaisp\u00f6yt\u00e4mme. <span style=\"text-decoration: underline;\"><a href=\"https:\/\/www.farmorscafe.fi\/yhteystiedot\/#ota-yhteytta\"><strong>Pyyd\u00e4mme teit\u00e4 olemaan yhteydess\u00e4<\/strong><\/a><\/span> meihin,\u00a0mik\u00e4li olette kiinnostuneita t\u00e4st\u00e4 vaihtoehdosta. J\u00e4rjest\u00e4mme yksityistilaisuuksia p\u00e4\u00e4asiassa kiireisimm\u00e4n kes\u00e4sesongin ulkopuolella.<\/p>\n<p>[\/et_pb_text][\/et_pb_column][et_pb_column type=&#8221;1_2&#8243; _builder_version=&#8221;4.17.3&#8243; _module_preset=&#8221;default&#8221; border_color_top=&#8221;rgba(122,114,126,0.41)&#8221; border_style_top=&#8221;dashed&#8221; border_color_bottom=&#8221;rgba(122,114,126,0.41)&#8221; border_style_bottom=&#8221;dashed&#8221; global_colors_info=&#8221;{}&#8221;][et_pb_image src=&#8221;https:\/\/www.farmorscafe.fi\/wp-content\/uploads\/2023\/03\/BBD245A4-C4E7-4F5F-9304-E6CECAF3BDE7.jpeg&#8221; title_text=&#8221;BBD245A4-C4E7-4F5F-9304-E6CECAF3BDE7&#8243; align_tablet=&#8221;center&#8221; align_phone=&#8221;center&#8221; align_last_edited=&#8221;on|tablet&#8221; _builder_version=&#8221;4.20.4&#8243; _module_preset=&#8221;default&#8221; global_colors_info=&#8221;{}&#8221;][\/et_pb_image][\/et_pb_column][\/et_pb_row][\/et_pb_section][et_pb_section fb_built=&#8221;1&#8243; _builder_version=&#8221;4.17.3&#8243; _module_preset=&#8221;default&#8221; background_color=&#8221;#efefef&#8221; custom_margin=&#8221;||||false|false&#8221; custom_padding=&#8221;20px||20px||false|false&#8221; global_colors_info=&#8221;{}&#8221;][et_pb_row column_structure=&#8221;1_2,1_2&#8243; make_equal=&#8221;on&#8221; _builder_version=&#8221;4.17.3&#8243; _module_preset=&#8221;default&#8221; global_colors_info=&#8221;{}&#8221;][et_pb_column type=&#8221;1_2&#8243; _builder_version=&#8221;4.17.3&#8243; _module_preset=&#8221;default&#8221; global_colors_info=&#8221;{}&#8221;][et_pb_image src=&#8221;https:\/\/www.farmorscafe.fi\/wp-content\/uploads\/2022\/05\/8E33197F-D5D4-47EF-AC69-702975007CEB-min.jpeg&#8221; title_text=&#8221;8E33197F-D5D4-47EF-AC69-702975007CEB-min&#8221; align_tablet=&#8221;center&#8221; align_phone=&#8221;center&#8221; align_last_edited=&#8221;on|phone&#8221; _builder_version=&#8221;4.20.4&#8243; _module_preset=&#8221;default&#8221; global_colors_info=&#8221;{}&#8221;][\/et_pb_image][\/et_pb_column][et_pb_column type=&#8221;1_2&#8243; _builder_version=&#8221;4.17.3&#8243; _module_preset=&#8221;default&#8221; border_color_top=&#8221;rgba(122,114,126,0.41)&#8221; border_style_top=&#8221;dashed&#8221; border_color_bottom=&#8221;rgba(122,114,126,0.41)&#8221; border_style_bottom=&#8221;dashed&#8221; global_colors_info=&#8221;{}&#8221;][et_pb_text _builder_version=&#8221;4.24.2&#8243; _module_preset=&#8221;default&#8221; text_font=&#8221;Open Sans||||||||&#8221; text_font_size=&#8221;16px&#8221; header_2_font_size=&#8221;70px&#8221; custom_margin=&#8221;70px||||false|false&#8221; custom_margin_tablet=&#8221;20px||||false|false&#8221; custom_margin_phone=&#8221;20px||||false|false&#8221; custom_margin_last_edited=&#8221;on|tablet&#8221; header_2_font_size_tablet=&#8221;60px&#8221; header_2_font_size_phone=&#8221;45px&#8221; header_2_font_size_last_edited=&#8221;on|phone&#8221; global_colors_info=&#8221;{}&#8221;]<\/p>\n<h2 style=\"text-align: center;\">Puoti<\/h2>\n<p style=\"text-align: center;\"><strong>Joka P\u00e4iv\u00e4 21.6-11.8<\/strong><\/p>\n<p style=\"text-align: center;\">Pienest\u00e4\u00a0artesaaniruokapuodistamme l\u00f6ytyy m.m kahvilan tuoretta\u00a0leip\u00e4\u00e4, teet\u00e4, mausteita, hunajaa, hilloa ja muita laadukkaita tuotteita l\u00e4hiseudulta. Puoti on auki kahvilan aukioloaikojen mukaan.<\/p>\n<p>[\/et_pb_text][\/et_pb_column][\/et_pb_row][\/et_pb_section]<\/p>\n","protected":false},"excerpt":{"rendered":"<p>Meid\u00e4n ruoka Farmors Caf\u00e9 on rakennettu Gamlas Lillstuga -nimiseen entiseen luotsitupaan, joka on rakennettu 1700- ja 1800-luvun vaihteessa. Iso\u00e4iti Erika asui tuvassa yksin viidentoista vuoden ajan puolisonsa Jannen kuoltua vuonna 1935. Sen t\u00e4hden pient\u00e4 valkonurkkaista punamultataloa alettiin kutsua &#8217;Iso\u00e4idin taloksi&#8217;. Talo on muuttunut ja kasvanut talonv\u00e4en my\u00f6t\u00e4, mutta vanhat hirsisein\u00e4t ovat yh\u00e4 entisell\u00e4\u00e4n ja voivat [&hellip;]<\/p>\n","protected":false},"author":1,"featured_media":0,"parent":0,"menu_order":0,"comment_status":"closed","ping_status":"closed","template":"","meta":{"_et_pb_use_builder":"on","_et_pb_old_content":"","_et_gb_content_width":"","footnotes":""},"class_list":["post-29","page","type-page","status-publish","hentry"],"_links":{"self":[{"href":"https:\/\/www.farmorscafe.fi\/sv\/wp-json\/wp\/v2\/pages\/29","targetHints":{"allow":["GET"]}}],"collection":[{"href":"https:\/\/www.farmorscafe.fi\/sv\/wp-json\/wp\/v2\/pages"}],"about":[{"href":"https:\/\/www.farmorscafe.fi\/sv\/wp-json\/wp\/v2\/types\/page"}],"author":[{"embeddable":true,"href":"https:\/\/www.farmorscafe.fi\/sv\/wp-json\/wp\/v2\/users\/1"}],"replies":[{"embeddable":true,"href":"https:\/\/www.farmorscafe.fi\/sv\/wp-json\/wp\/v2\/comments?post=29"}],"version-history":[{"count":55,"href":"https:\/\/www.farmorscafe.fi\/sv\/wp-json\/wp\/v2\/pages\/29\/revisions"}],"predecessor-version":[{"id":1233,"href":"https:\/\/www.farmorscafe.fi\/sv\/wp-json\/wp\/v2\/pages\/29\/revisions\/1233"}],"wp:attachment":[{"href":"https:\/\/www.farmorscafe.fi\/sv\/wp-json\/wp\/v2\/media?parent=29"}],"curies":[{"name":"wp","href":"https:\/\/api.w.org\/{rel}","templated":true}]}}