{"id":8,"date":"2022-05-02T11:05:24","date_gmt":"2022-05-02T11:05:24","guid":{"rendered":"https:\/\/www.farmorscafe.fi\/?page_id=8"},"modified":"2026-04-16T15:08:57","modified_gmt":"2026-04-16T15:08:57","slug":"etusivu","status":"publish","type":"page","link":"https:\/\/www.farmorscafe.fi\/en\/","title":{"rendered":"Home"},"content":{"rendered":"<p>[et_pb_section fb_built=&#8221;1&#8243; custom_padding_last_edited=&#8221;on|tablet&#8221; _builder_version=&#8221;4.20.4&#8243; _module_preset=&#8221;default&#8221; background_image=&#8221;https:\/\/www.farmorscafe.fi\/wp-content\/uploads\/2023\/03\/69A986A4-7D42-4257-81CD-7997550F132C.jpeg&#8221; background_position=&#8221;top_right&#8221; min_height=&#8221;750px&#8221; min_height_tablet=&#8221;&#8221; min_height_phone=&#8221;&#8221; min_height_last_edited=&#8221;on|phone&#8221; custom_padding=&#8221;120px||370px||false|false&#8221; custom_padding_tablet=&#8221;50px||250px||false|false&#8221; custom_padding_phone=&#8221;100px||250px||false|false&#8221; global_colors_info=&#8221;{}&#8221;][et_pb_row custom_padding_last_edited=&#8221;on|phone&#8221; _builder_version=&#8221;4.20.4&#8243; _module_preset=&#8221;default&#8221; background_enable_color=&#8221;off&#8221; width=&#8221;70%&#8221; width_tablet=&#8221;70%&#8221; width_phone=&#8221;80%&#8221; width_last_edited=&#8221;on|desktop&#8221; max_width=&#8221;700px&#8221; module_alignment=&#8221;center&#8221; custom_margin=&#8221;||||false|false&#8221; custom_padding=&#8221;20px|50px|20px|50px|false|false&#8221; custom_padding_tablet=&#8221;30px||30px||true|false&#8221; custom_padding_phone=&#8221;20px|20px|20px|20px|true|true&#8221; border_radii=&#8221;on|60px|60px|60px|60px&#8221; border_radii_tablet=&#8221;on|60px|60px|60px|60px&#8221; border_radii_phone=&#8221;on|40px|40px|40px|40px&#8221; border_radii_last_edited=&#8221;on|phone&#8221; global_colors_info=&#8221;{}&#8221;][et_pb_column type=&#8221;4_4&#8243; _builder_version=&#8221;4.17.3&#8243; _module_preset=&#8221;default&#8221; global_colors_info=&#8221;{}&#8221;][et_pb_image src=&#8221;https:\/\/www.farmorscafe.fi\/wp-content\/uploads\/2023\/04\/183.png&#8221; title_text=&#8221;183&#8243; align=&#8221;center&#8221; _builder_version=&#8221;4.20.4&#8243; _module_preset=&#8221;default&#8221; width_tablet=&#8221;90%&#8221; width_phone=&#8221;90%&#8221; width_last_edited=&#8221;off|desktop&#8221; module_alignment=&#8221;center&#8221; custom_margin=&#8221;0px||0px||false|false&#8221; custom_margin_tablet=&#8221;0px||||false|false&#8221; custom_margin_phone=&#8221;0px||||false|false&#8221; custom_margin_last_edited=&#8221;on|tablet&#8221; custom_padding=&#8221;0px||0px||false|false&#8221; global_colors_info=&#8221;{}&#8221;][\/et_pb_image][\/et_pb_column][\/et_pb_row][\/et_pb_section][et_pb_section fb_built=&#8221;1&#8243; _builder_version=&#8221;4.17.3&#8243; _module_preset=&#8221;default&#8221; global_colors_info=&#8221;{}&#8221;][et_pb_row _builder_version=&#8221;4.17.3&#8243; _module_preset=&#8221;default&#8221; global_colors_info=&#8221;{}&#8221;][et_pb_column type=&#8221;4_4&#8243; _builder_version=&#8221;4.17.3&#8243; _module_preset=&#8221;default&#8221; global_colors_info=&#8221;{}&#8221;][et_pb_text _builder_version=&#8221;4.27.4&#8243; _module_preset=&#8221;default&#8221; text_font=&#8221;Open Sans||||||||&#8221; text_font_size=&#8221;16px&#8221; header_2_font_size=&#8221;70px&#8221; custom_margin=&#8221;0px||||false|false&#8221; custom_margin_tablet=&#8221;0px||||false|false&#8221; custom_margin_phone=&#8221;0px||||false|false&#8221; custom_margin_last_edited=&#8221;off|desktop&#8221; header_2_font_size_tablet=&#8221;50px&#8221; header_2_font_size_phone=&#8221;45px&#8221; header_2_font_size_last_edited=&#8221;on|phone&#8221; global_colors_info=&#8221;{}&#8221;]<\/p>\n<h2 style=\"text-align: center;\">Tervetuloa<\/h2>\n<p style=\"text-align: center;\">Syd\u00e4mellisesti tervetuloa meille sy\u00f6m\u00e4\u00e4n, kakulle &amp; kahville aitoon saaristolaismilj\u00f6\u00f6seen. Suosittelemme varamaan paikkanne ravintolastamme vilkkaimman lomakauden aikana. Varaus on helppo tehd\u00e4 kotisivujemme kautta, painamalla \u201dvaraa p\u00f6yt\u00e4\u201d painiketta. Meill\u00e4 on puutarhassa my\u00f6s drop-in-paikkoja, joten l\u00e4mpim\u00e4sti tervetuloa tutustumaan kahvilaamme my\u00f6s ilman p\u00f6yt\u00e4varausta.<\/p>\n<p>[\/et_pb_text][\/et_pb_column][\/et_pb_row][et_pb_row column_structure=&#8221;1_2,1_2&#8243; custom_padding_last_edited=&#8221;on|phone&#8221; _builder_version=&#8221;4.17.4&#8243; _module_preset=&#8221;default&#8221; custom_padding_tablet=&#8221;&#8221; custom_padding_phone=&#8221;0px||||false|false&#8221; global_colors_info=&#8221;{}&#8221;][et_pb_column type=&#8221;1_2&#8243; _builder_version=&#8221;4.17.3&#8243; _module_preset=&#8221;default&#8221; global_colors_info=&#8221;{}&#8221;][et_pb_button button_url=&#8221;https:\/\/slotti.fi\/booking\/farmorscafe\/#\/&#8221; url_new_window=&#8221;on&#8221; button_text=&#8221;Varaa p\u00f6yt\u00e4&#8221; button_alignment=&#8221;right&#8221; button_alignment_tablet=&#8221;center&#8221; button_alignment_phone=&#8221;center&#8221; button_alignment_last_edited=&#8221;on|tablet&#8221; _builder_version=&#8221;4.17.4&#8243; _module_preset=&#8221;default&#8221; custom_button=&#8221;on&#8221; button_text_size=&#8221;20px&#8221; global_colors_info=&#8221;{}&#8221;][\/et_pb_button][\/et_pb_column][et_pb_column type=&#8221;1_2&#8243; _builder_version=&#8221;4.17.3&#8243; _module_preset=&#8221;default&#8221; global_colors_info=&#8221;{}&#8221;][et_pb_button button_url=&#8221;@ET-DC@eyJkeW5hbWljIjp0cnVlLCJjb250ZW50IjoicG9zdF9saW5rX3VybF9wYWdlIiwic2V0dGluZ3MiOnsicG9zdF9pZCI6IjMxIn19@&#8221; button_text=&#8221;Vierasvenesatama&#8221; button_alignment=&#8221;left&#8221; button_alignment_tablet=&#8221;center&#8221; button_alignment_phone=&#8221;center&#8221; button_alignment_last_edited=&#8221;on|desktop&#8221; _builder_version=&#8221;4.17.4&#8243; _dynamic_attributes=&#8221;button_url&#8221; _module_preset=&#8221;default&#8221; custom_button=&#8221;on&#8221; button_text_size=&#8221;20px&#8221; global_colors_info=&#8221;{}&#8221;][\/et_pb_button][\/et_pb_column][\/et_pb_row][\/et_pb_section][et_pb_section fb_built=&#8221;1&#8243; _builder_version=&#8221;4.17.3&#8243; _module_preset=&#8221;default&#8221; background_color=&#8221;#efefef&#8221; custom_margin=&#8221;||||false|false&#8221; custom_padding=&#8221;20px||20px||false|false&#8221; global_colors_info=&#8221;{}&#8221;][et_pb_row column_structure=&#8221;1_2,1_2&#8243; make_equal=&#8221;on&#8221; _builder_version=&#8221;4.17.3&#8243; _module_preset=&#8221;default&#8221; global_colors_info=&#8221;{}&#8221;][et_pb_column type=&#8221;1_2&#8243; _builder_version=&#8221;4.17.3&#8243; _module_preset=&#8221;default&#8221; global_colors_info=&#8221;{}&#8221;][et_pb_image src=&#8221;https:\/\/www.farmorscafe.fi\/wp-content\/uploads\/2022\/05\/5F6B7A87-FE0B-4903-B767-FCA4355FA4CD-1.jpeg&#8221; title_text=&#8221;5F6B7A87-FE0B-4903-B767-FCA4355FA4CD&#8221; _builder_version=&#8221;4.17.3&#8243; _module_preset=&#8221;default&#8221; width=&#8221;80%&#8221; module_alignment=&#8221;center&#8221; global_colors_info=&#8221;{}&#8221;][\/et_pb_image][\/et_pb_column][et_pb_column type=&#8221;1_2&#8243; _builder_version=&#8221;4.17.3&#8243; _module_preset=&#8221;default&#8221; border_color_top=&#8221;rgba(122,114,126,0.41)&#8221; border_style_top=&#8221;dashed&#8221; border_color_bottom=&#8221;rgba(122,114,126,0.41)&#8221; border_style_bottom=&#8221;dashed&#8221; global_colors_info=&#8221;{}&#8221;][et_pb_text _builder_version=&#8221;4.24.2&#8243; _module_preset=&#8221;default&#8221; text_font=&#8221;Open Sans||||||||&#8221; text_font_size=&#8221;16px&#8221; header_2_font_size=&#8221;70px&#8221; custom_margin=&#8221;100px||||false|false&#8221; custom_margin_tablet=&#8221;50px||||false|false&#8221; custom_margin_phone=&#8221;20px||||false|false&#8221; custom_margin_last_edited=&#8221;on|phone&#8221; header_2_font_size_tablet=&#8221;50px&#8221; header_2_font_size_phone=&#8221;45px&#8221; header_2_font_size_last_edited=&#8221;on|phone&#8221; global_colors_info=&#8221;{}&#8221;]<\/p>\n<h2 style=\"text-align: center;\">Meid\u00e4n ruoka\u00a0<\/h2>\n<p style=\"text-align: center;\"><span>Kes\u00e4menulta voi tilata ruokaa joka p\u00e4iv\u00e4 klo. 12.00 l\u00e4htien. Menu vaihtelee raaka-aineiden mukaan, tarjolla on aina liha-, kala- ja kasvisvaihtoehto, pizza sek\u00e4 p\u00e4iv\u00e4n salaatti. Perheen pienimmille l\u00f6ytyy my\u00f6s vaihtoehtoja. <\/span>Meid\u00e4n ruokafilosofia perustuu aitoon ja maanl\u00e4heiseen ruoanlaittoon.<\/p>\n<p>[\/et_pb_text][et_pb_button button_url=&#8221;@ET-DC@eyJkeW5hbWljIjp0cnVlLCJjb250ZW50IjoicG9zdF9saW5rX3VybF9wYWdlIiwic2V0dGluZ3MiOnsicG9zdF9pZCI6IjI5In19@&#8221; button_text=&#8221;Lue lis\u00e4\u00e4&#8221; button_alignment=&#8221;center&#8221; _builder_version=&#8221;4.17.3&#8243; _dynamic_attributes=&#8221;button_url&#8221; _module_preset=&#8221;default&#8221; global_colors_info=&#8221;{}&#8221;][\/et_pb_button][\/et_pb_column][\/et_pb_row][\/et_pb_section][et_pb_section fb_built=&#8221;1&#8243; _builder_version=&#8221;4.17.3&#8243; _module_preset=&#8221;default&#8221; background_enable_color=&#8221;off&#8221; custom_margin=&#8221;||||false|false&#8221; custom_padding=&#8221;20px||20px||false|false&#8221; global_colors_info=&#8221;{}&#8221;][et_pb_row column_structure=&#8221;1_2,1_2&#8243; make_equal=&#8221;on&#8221; module_class=&#8221;reverse-columns-mobile&#8221; _builder_version=&#8221;4.17.4&#8243; _module_preset=&#8221;default&#8221; global_colors_info=&#8221;{}&#8221;][et_pb_column type=&#8221;1_2&#8243; _builder_version=&#8221;4.17.3&#8243; _module_preset=&#8221;default&#8221; border_color_top=&#8221;rgba(122,114,126,0.41)&#8221; border_style_top=&#8221;dashed&#8221; border_color_bottom=&#8221;rgba(122,114,126,0.41)&#8221; border_style_bottom=&#8221;dashed&#8221; global_colors_info=&#8221;{}&#8221;][et_pb_text _builder_version=&#8221;4.24.2&#8243; _module_preset=&#8221;default&#8221; text_font=&#8221;Open Sans||||||||&#8221; text_font_size=&#8221;16px&#8221; header_2_font_size=&#8221;70px&#8221; custom_margin=&#8221;30px||||false|false&#8221; custom_margin_tablet=&#8221;20px||||false|false&#8221; custom_margin_phone=&#8221;20px||||false|false&#8221; custom_margin_last_edited=&#8221;on|tablet&#8221; header_2_font_size_tablet=&#8221;50px&#8221; header_2_font_size_phone=&#8221;35px&#8221; header_2_font_size_last_edited=&#8221;on|phone&#8221; global_colors_info=&#8221;{}&#8221;]<\/p>\n<h2 style=\"text-align: center;\">Vierasvenesatama Caf\u00e9bryggan<\/h2>\n<p>&nbsp;<\/p>\n<p style=\"text-align: center;\">Caf\u00e9bryggan on rauhallinen vierasvenesatama kyl\u00e4lahden pohjoispuolella, lyhyen k\u00e4velymatkan p\u00e4\u00e4ss\u00e4\u00a0Farmors Caf\u00e9sta. T\u00e4\u00e4lt\u00e4 l\u00f6ytyy p\u00e4iv\u00e4- sek\u00e4 y\u00f6pys\u00e4k\u00f6inti, joka aamu tuoretta leip\u00e4\u00e4, satamakioski, s\u00e4hk\u00f6, vesivessat ja suihku.<\/p>\n<p>[\/et_pb_text][et_pb_button button_url=&#8221;@ET-DC@eyJkeW5hbWljIjp0cnVlLCJjb250ZW50IjoicG9zdF9saW5rX3VybF9wYWdlIiwic2V0dGluZ3MiOnsicG9zdF9pZCI6IjMxIn19@&#8221; button_text=&#8221;Lue lis\u00e4\u00e4&#8221; button_alignment=&#8221;center&#8221; _builder_version=&#8221;4.17.3&#8243; _dynamic_attributes=&#8221;button_url&#8221; _module_preset=&#8221;default&#8221; global_colors_info=&#8221;{}&#8221;][\/et_pb_button][\/et_pb_column][et_pb_column type=&#8221;1_2&#8243; _builder_version=&#8221;4.17.3&#8243; _module_preset=&#8221;default&#8221; border_color_top=&#8221;rgba(122,114,126,0.41)&#8221; border_style_top=&#8221;dashed&#8221; border_color_bottom=&#8221;rgba(122,114,126,0.41)&#8221; border_style_bottom=&#8221;dashed&#8221; global_colors_info=&#8221;{}&#8221;][et_pb_image src=&#8221;https:\/\/www.farmorscafe.fi\/wp-content\/uploads\/2022\/05\/BDA15072-1C5E-457C-B6FC-059CE89DADB4-min.jpeg&#8221; title_text=&#8221;BDA15072-1C5E-457C-B6FC-059CE89DADB4-min&#8221; _builder_version=&#8221;4.17.3&#8243; _module_preset=&#8221;default&#8221; global_colors_info=&#8221;{}&#8221;][\/et_pb_image][\/et_pb_column][\/et_pb_row][\/et_pb_section][et_pb_section fb_built=&#8221;1&#8243; _builder_version=&#8221;4.17.3&#8243; _module_preset=&#8221;default&#8221; background_color=&#8221;#efefef&#8221; custom_margin=&#8221;||||false|false&#8221; custom_padding=&#8221;20px||20px||false|false&#8221; global_colors_info=&#8221;{}&#8221;][et_pb_row column_structure=&#8221;1_2,1_2&#8243; make_equal=&#8221;on&#8221; _builder_version=&#8221;4.17.3&#8243; _module_preset=&#8221;default&#8221; global_colors_info=&#8221;{}&#8221;][et_pb_column type=&#8221;1_2&#8243; _builder_version=&#8221;4.17.3&#8243; _module_preset=&#8221;default&#8221; global_colors_info=&#8221;{}&#8221;][et_pb_image src=&#8221;https:\/\/www.farmorscafe.fi\/wp-content\/uploads\/2022\/05\/0B66F577-8F9A-4BD2-9A48-4A74B0CA3721.jpeg&#8221; title_text=&#8221;0B66F577-8F9A-4BD2-9A48-4A74B0CA3721&#8243; _builder_version=&#8221;4.17.3&#8243; _module_preset=&#8221;default&#8221; global_colors_info=&#8221;{}&#8221;][\/et_pb_image][\/et_pb_column][et_pb_column type=&#8221;1_2&#8243; _builder_version=&#8221;4.17.3&#8243; _module_preset=&#8221;default&#8221; border_color_top=&#8221;rgba(122,114,126,0.41)&#8221; border_style_top=&#8221;dashed&#8221; border_color_bottom=&#8221;rgba(122,114,126,0.41)&#8221; border_style_bottom=&#8221;dashed&#8221; global_colors_info=&#8221;{}&#8221;][et_pb_text _builder_version=&#8221;4.27.6&#8243; _module_preset=&#8221;default&#8221; text_font=&#8221;Open Sans||||||||&#8221; text_font_size=&#8221;16px&#8221; header_2_font_size=&#8221;70px&#8221; custom_margin=&#8221;100px||||false|false&#8221; custom_margin_tablet=&#8221;50px||||false|false&#8221; custom_margin_phone=&#8221;20px||||false|false&#8221; custom_margin_last_edited=&#8221;on|phone&#8221; hover_enabled=&#8221;0&#8243; header_2_font_size_tablet=&#8221;50px&#8221; header_2_font_size_phone=&#8221;45px&#8221; header_2_font_size_last_edited=&#8221;on|phone&#8221; global_colors_info=&#8221;{}&#8221; sticky_enabled=&#8221;0&#8243;]<\/p>\n<h2 style=\"text-align: center;\">Tapahtumat<\/h2>\n<p>&nbsp;<\/p>\n<p style=\"text-align: center;\">H\u00f6gs\u00e5ra on kaunis kes\u00e4saari ja p\u00e4iv\u00e4retkikohde, josta l\u00f6ytyy luonnonpuistoja ja n\u00e4ht\u00e4v\u00e4\u00e4 koko perheelle.<\/p>\n<p style=\"text-align: center;\">Kahvilassa on lapsiyst\u00e4v\u00e4llinen pihapiiri, pieni leikkipaikka sek\u00e4 kotiel\u00e4imi\u00e4.<\/p>\n<p style=\"text-align: center;\">Koirat ovat tervetulleita ravintolan terassille ja pihalle, jos ne pidet\u00e4\u00e4n kytkettyin\u00e4 ja ovat yst\u00e4v\u00e4llisi\u00e4 muille koirille. Is\u00e4nt\u00e4v\u00e4en omat koirat liikkuvat vapaana pihalla.<\/p>\n<p style=\"text-align: center;\"><strong>1.5 AVAAMME KAUDEN\u00a0<\/strong><\/p>\n<p class=\"p1\" style=\"text-align: center;\">Avoinna joka viikonloppu (pe\u2013su) toukokuussa klo 12\u201317. Tervetuloa nauttimaan suolaisista herkuista, leivonnaisista sek\u00e4 l\u00e4mpim\u00e4st\u00e4 pizzauunistamme.<\/p>\n<p class=\"p1\" style=\"text-align: center;\">Vappuna tarjoilemme sm\u00f6rrebr\u00f6d &amp; lisukkeet (ranskalaiset tai salaatti), kotitekoisia munkkeja ja simaa.<\/p>\n<p class=\"p1\" style=\"text-align: center;\"><strong>\u00a010.5 \u00c4ITIENP\u00c4IV\u00c4\u00a0<\/strong><\/p>\n<p class=\"p1\" style=\"text-align: center;\">Tervetuloa viett\u00e4m\u00e4\u00e4n \u00e4itienp\u00e4iv\u00e4\u00e4 kanssamme. Tarjoilemme sm\u00f6rrebr\u00f6d &amp; lisukkeet (ranskalaiset tai salaatti), \u00e4itienp\u00e4iv\u00e4leivonnaisia sek\u00e4 herkkuja pizzauunista.<\/p>\n<p class=\"isSelectedEnd\" style=\"text-align: center;\"><strong>19 KES\u00c4KUUTA<\/strong><\/p>\n<p class=\"isSelectedEnd\" style=\"text-align: center;\"><span>JUHANNUUSAATTO \u2013 JIMMY TR\u00c4SKELIN &amp; VEERA HIRVASKERO<\/span><br \/><span>Pelimannimusiikkia &amp; juhannusvalssi Caf\u00e9brygganilla klo 16 (s\u00e4\u00e4varaus)<\/span><\/p>\n<p class=\"isSelectedEnd\" style=\"text-align: center;\"><strong>20 KES\u00c4KUUTA<\/strong><\/p>\n<p class=\"isSelectedEnd\" style=\"text-align: center;\"><span>JUHANNUUSP\u00c4IV\u00c4<\/span><br \/><span>Muistathan varata p\u00f6yd\u00e4n lounaalle tai illalliselle verkkosivujemme kautta <\/span><a href=\"https:\/\/www.farmorscafe.fi\"><span>www.farmorscafe.fi<\/span><\/a><\/p>\n<p class=\"isSelectedEnd\" style=\"text-align: center;\"><strong>10 HEIN\u00c4KUUTA<\/strong><\/p>\n<p class=\"isSelectedEnd\" style=\"text-align: center;\"><span>KES\u00c4ILTA FARMORSISSA INGRIDIN KANSSA<\/span><\/p>\n<p class=\"isSelectedEnd\" style=\"text-align: center;\"><span>Kes\u00e4inen minglailuilta musiikin, ruoan ja hyv\u00e4n tunnelman parissa<\/span><\/p>\n<p class=\"isSelectedEnd\" style=\"text-align: center;\"><span>INGRID esiintyy klo 18 (tunnettu mm. Ruotsin Idolista)<\/span><br \/><span>Minglailu klo 16 -&gt;<\/span><\/p>\n<p class=\"isSelectedEnd\" style=\"text-align: center;\"><span>Normaali p\u00f6yt\u00e4varaus (2,5 h) klo 15.00 asti osoitteessa <\/span><a href=\"https:\/\/www.farmorscafe.fi\"><span>www.farmorscafe.fi<\/span><\/a><span>, sen j\u00e4lkeen t\u00e4yt\u00e4mme p\u00f6yd\u00e4t saapumisj\u00e4rjestyksess\u00e4. Ruoan tilaaminen edellytt\u00e4\u00e4 p\u00f6yt\u00e4paikkaa, joten suosittelemme saapumaan ajoissa. Huomioithan, ett\u00e4 drop-in-paikkoja on rajoitetusti. Koko p\u00e4iv\u00e4n ajan tarjolla on tavallinen kes\u00e4menumme.<\/span><\/p>\n<p class=\"isSelectedEnd\" style=\"text-align: center;\"><strong>KAKSI VIIMEIST\u00c4 TORSTAITA HEIN\u00c4KUUSSA 23 &amp; 30<\/strong><\/p>\n<p class=\"isSelectedEnd\" style=\"text-align: center;\"><span>SPELM\u00c4N OHOJ<\/span><br \/><span>Pelimannimusiikkia ja kes\u00e4valssi Caf\u00e9brygganilla klo 18 (s\u00e4\u00e4varaus)<\/span><\/p>\n<p class=\"isSelectedEnd\" style=\"text-align: center;\"><span><\/span><\/p>\n<p class=\"isSelectedEnd\" style=\"text-align: center;\"><span><\/span><\/p>\n<p style=\"text-align: center;\"><em>Spruce pit\u00e4\u00e4 taukoa esiintymisist\u00e4 kes\u00e4ll\u00e4 2026 ja palaa vuonna 2027 perinteiseen kes\u00e4juhlaan.<\/em><\/p>\n<p>[\/et_pb_text][et_pb_button button_url=&#8221;@ET-DC@eyJkeW5hbWljIjp0cnVlLCJjb250ZW50IjoicG9zdF9saW5rX3VybF9wYWdlIiwic2V0dGluZ3MiOnsicG9zdF9pZCI6IjMzIn19@&#8221; button_text=&#8221;Lue lis\u00e4\u00e4&#8221; button_alignment=&#8221;center&#8221; _builder_version=&#8221;4.17.3&#8243; _dynamic_attributes=&#8221;button_url&#8221; _module_preset=&#8221;default&#8221; global_colors_info=&#8221;{}&#8221;][\/et_pb_button][\/et_pb_column][\/et_pb_row][\/et_pb_section][et_pb_section fb_built=&#8221;1&#8243; _builder_version=&#8221;4.17.3&#8243; _module_preset=&#8221;default&#8221; custom_margin=&#8221;0px||0px||false|false&#8221; custom_padding=&#8221;0px||0px||false|false&#8221; global_colors_info=&#8221;{}&#8221;][et_pb_row use_custom_gutter=&#8221;on&#8221; gutter_width=&#8221;2&#8243; _builder_version=&#8221;4.19.0&#8243; _module_preset=&#8221;default&#8221; width_tablet=&#8221;&#8221; width_phone=&#8221;90%&#8221; width_last_edited=&#8221;on|desktop&#8221; max_width=&#8221;1500px&#8221; custom_margin=&#8221;20px||||false|false&#8221; global_colors_info=&#8221;{}&#8221;][et_pb_column type=&#8221;4_4&#8243; _builder_version=&#8221;4.17.3&#8243; _module_preset=&#8221;default&#8221; global_colors_info=&#8221;{}&#8221;][dipl_masonry_gallery image_ids=&#8221;440,433,271,270,268,269,264,438,273,266,222,115,432,272,437,11,435,429,430,431,434,436,439,262,231,785,784,782,778,777,787,786&#8243; number_of_columns=&#8221;6&#8243; column_spacing=&#8221;20px&#8221; enable_lightbox=&#8221;on&#8221; lightbox_background_color=&#8221;rgba(113,147,125,0.77)&#8221; number_of_columns_tablet=&#8221;4&#8243; number_of_columns_phone=&#8221;3&#8243; number_of_columns_last_edited=&#8221;on|phone&#8221; disabled_on=&#8221;on|on|on&#8221; _builder_version=&#8221;4.19.0&#8243; _module_preset=&#8221;default&#8221; box_shadow_style_image=&#8221;preset2&#8243; disabled=&#8221;on&#8221; global_colors_info=&#8221;{}&#8221;][\/dipl_masonry_gallery][et_pb_gallery gallery_ids=&#8221;440,433,271,270,439,781,780,779,778,436,443,783,435,784,786,787,434,431,429,430&#8243; posts_number=&#8221;20&#8243; show_title_and_caption=&#8221;off&#8221; show_pagination=&#8221;off&#8221; zoom_icon_color=&#8221;RGBA(255,255,255,0)&#8221; hover_overlay_color=&#8221;RGBA(255,255,255,0)&#8221; _builder_version=&#8221;4.19.0&#8243; _module_preset=&#8221;default&#8221; custom_padding=&#8221;||50px||false|false&#8221; box_shadow_style_image=&#8221;preset1&#8243; global_colors_info=&#8221;{}&#8221; custom_css_gallery_item_last_edited=&#8221;off|desktop&#8221;][\/et_pb_gallery][\/et_pb_column][\/et_pb_row][\/et_pb_section]<\/p>\n","protected":false},"excerpt":{"rendered":"<p>Tervetuloa Syd\u00e4mellisesti tervetuloa meille sy\u00f6m\u00e4\u00e4n, kakulle &amp; kahville aitoon saaristolaismilj\u00f6\u00f6seen. Suosittelemme varamaan paikkanne ravintolastamme vilkkaimman lomakauden aikana. Varaus on helppo tehd\u00e4 kotisivujemme kautta, painamalla \u201dvaraa p\u00f6yt\u00e4\u201d painiketta. Meill\u00e4 on puutarhassa my\u00f6s drop-in-paikkoja, joten l\u00e4mpim\u00e4sti tervetuloa tutustumaan kahvilaamme my\u00f6s ilman p\u00f6yt\u00e4varausta.Meid\u00e4n ruoka\u00a0 Kes\u00e4menulta voi tilata ruokaa joka p\u00e4iv\u00e4 klo. 12.00 l\u00e4htien. Menu vaihtelee raaka-aineiden mukaan, tarjolla [&hellip;]<\/p>\n","protected":false},"author":1,"featured_media":0,"parent":0,"menu_order":0,"comment_status":"closed","ping_status":"closed","template":"","meta":{"_et_pb_use_builder":"on","_et_pb_old_content":"","_et_gb_content_width":"","footnotes":""},"class_list":["post-8","page","type-page","status-publish","hentry"],"_links":{"self":[{"href":"https:\/\/www.farmorscafe.fi\/en\/wp-json\/wp\/v2\/pages\/8","targetHints":{"allow":["GET"]}}],"collection":[{"href":"https:\/\/www.farmorscafe.fi\/en\/wp-json\/wp\/v2\/pages"}],"about":[{"href":"https:\/\/www.farmorscafe.fi\/en\/wp-json\/wp\/v2\/types\/page"}],"author":[{"embeddable":true,"href":"https:\/\/www.farmorscafe.fi\/en\/wp-json\/wp\/v2\/users\/1"}],"replies":[{"embeddable":true,"href":"https:\/\/www.farmorscafe.fi\/en\/wp-json\/wp\/v2\/comments?post=8"}],"version-history":[{"count":186,"href":"https:\/\/www.farmorscafe.fi\/en\/wp-json\/wp\/v2\/pages\/8\/revisions"}],"predecessor-version":[{"id":1337,"href":"https:\/\/www.farmorscafe.fi\/en\/wp-json\/wp\/v2\/pages\/8\/revisions\/1337"}],"wp:attachment":[{"href":"https:\/\/www.farmorscafe.fi\/en\/wp-json\/wp\/v2\/media?parent=8"}],"curies":[{"name":"wp","href":"https:\/\/api.w.org\/{rel}","templated":true}]}}