{"id":39,"date":"2022-05-02T13:57:16","date_gmt":"2022-05-02T13:57:16","guid":{"rendered":"https:\/\/www.farmorscafe.fi\/?page_id=39"},"modified":"2026-04-28T11:11:09","modified_gmt":"2026-04-28T11:11:09","slug":"yhteystiedot","status":"publish","type":"page","link":"https:\/\/www.farmorscafe.fi\/en\/yhteystiedot\/","title":{"rendered":"Contact"},"content":{"rendered":"<p>[et_pb_section fb_built=&#8221;1&#8243; _builder_version=&#8221;4.17.4&#8243; _module_preset=&#8221;default&#8221; background_image=&#8221;https:\/\/www.farmorscafe.fi\/wp-content\/uploads\/2022\/05\/4E8C10A2-1C30-4B99-A55D-368388233468-scaled.jpeg&#8221; height=&#8221;750px&#8221; height_tablet=&#8221;400px&#8221; height_phone=&#8221;400px&#8221; height_last_edited=&#8221;on|phone&#8221; global_colors_info=&#8221;{}&#8221;][et_pb_row _builder_version=&#8221;4.17.4&#8243; _module_preset=&#8221;default&#8221; global_colors_info=&#8221;{}&#8221;][et_pb_column type=&#8221;4_4&#8243; _builder_version=&#8221;4.17.4&#8243; _module_preset=&#8221;default&#8221; global_colors_info=&#8221;{}&#8221;][\/et_pb_column][\/et_pb_row][\/et_pb_section][et_pb_section fb_built=&#8221;1&#8243; _builder_version=&#8221;4.17.3&#8243; _module_preset=&#8221;default&#8221; custom_padding=&#8221;||0px||false|false&#8221; global_colors_info=&#8221;{}&#8221;][et_pb_row custom_padding_last_edited=&#8221;on|tablet&#8221; _builder_version=&#8221;4.17.4&#8243; _module_preset=&#8221;default&#8221; custom_padding=&#8221;0px||0px||false|false&#8221; custom_padding_tablet=&#8221;||0px||false|false&#8221; custom_padding_phone=&#8221;0px||0px||false|false&#8221; global_colors_info=&#8221;{}&#8221;][et_pb_column type=&#8221;4_4&#8243; _builder_version=&#8221;4.17.3&#8243; _module_preset=&#8221;default&#8221; global_colors_info=&#8221;{}&#8221;][et_pb_text _builder_version=&#8221;4.17.3&#8243; _module_preset=&#8221;default&#8221; text_font=&#8221;Open Sans||||||||&#8221; text_font_size=&#8221;16px&#8221; header_2_font_size=&#8221;70px&#8221; header_2_font_size_tablet=&#8221;60px&#8221; header_2_font_size_phone=&#8221;45px&#8221; header_2_font_size_last_edited=&#8221;on|phone&#8221; global_colors_info=&#8221;{}&#8221;]<\/p>\n<h2 style=\"text-align: center;\">Yhteystiedot<\/h2>\n<p style=\"text-align: center;\"><strong><\/strong><\/p>\n<p style=\"text-align: center;\">[\/et_pb_text][\/et_pb_column][\/et_pb_row][et_pb_row column_structure=&#8221;1_3,1_3,1_3&#8243; custom_padding_last_edited=&#8221;on|phone&#8221; _builder_version=&#8221;4.17.4&#8243; _module_preset=&#8221;default&#8221; custom_padding=&#8221;||||false|false&#8221; custom_padding_tablet=&#8221;||||false|false&#8221; custom_padding_phone=&#8221;0px||||false|false&#8221; global_colors_info=&#8221;{}&#8221;][et_pb_column type=&#8221;1_3&#8243; _builder_version=&#8221;4.17.3&#8243; _module_preset=&#8221;default&#8221; global_colors_info=&#8221;{}&#8221;][et_pb_text _builder_version=&#8221;4.17.4&#8243; _module_preset=&#8221;default&#8221; text_font=&#8221;Open Sans||||||||&#8221; text_font_size=&#8221;16px&#8221; header_2_font_size=&#8221;70px&#8221; global_colors_info=&#8221;{}&#8221;]<\/p>\n<p style=\"text-align: center;\"><span><strong>P\u00f6yt\u00e4varaus<\/strong><\/span><\/p>\n<p style=\"text-align: center;\"><span>Varaa paikkasi helposti kotisivujemme kautta. Muistathan perua varauksesi tarpeen mukaan viimeist\u00e4\u00e4n 24 tuntia ennen varausta. Peruutuksen voit tehd\u00e4 s\u00e4hk\u00f6postivahvistuksessa olevan linkin\u00a0<\/span><span>kautta.\u00a0<\/span><\/p>\n<p>[\/et_pb_text][et_pb_button button_url=&#8221;https:\/\/slotti.fi\/booking\/farmorscafe\/#\/&#8221; url_new_window=&#8221;on&#8221; button_text=&#8221;tee p\u00f6yt\u00e4varaus&#8221; button_alignment=&#8221;center&#8221; _builder_version=&#8221;4.17.3&#8243; _module_preset=&#8221;default&#8221; global_colors_info=&#8221;{}&#8221;][\/et_pb_button][\/et_pb_column][et_pb_column type=&#8221;1_3&#8243; _builder_version=&#8221;4.17.3&#8243; _module_preset=&#8221;default&#8221; global_colors_info=&#8221;{}&#8221;][et_pb_text _builder_version=&#8221;4.17.4&#8243; _module_preset=&#8221;default&#8221; text_font=&#8221;Open Sans||||||||&#8221; text_font_size=&#8221;16px&#8221; link_text_color=&#8221;#71937D&#8221; header_2_font_size=&#8221;70px&#8221; global_colors_info=&#8221;{}&#8221;]<\/p>\n<p style=\"text-align: center;\"><strong>Varaa satamapaikka<\/strong><\/p>\n<p style=\"text-align: center;\">Voit halutesassi varata satamapaikan viimeist\u00e4\u00e4n 48 tuntia ennen saapumistasi. Saat lis\u00e4tietoja varauksesta sek\u00e4 sataman varaustilanteesta numerosta:<br \/><span style=\"text-decoration: underline;\"><a href=\"tel:+3580417009205\">041 700 9205<\/a><\/span><\/p>\n<p>[\/et_pb_text][et_pb_button button_url=&#8221;https:\/\/slotti.fi\/booking\/cafebryggan\/&#8221; url_new_window=&#8221;on&#8221; button_text=&#8221;Varaa satamapaikka&#8221; button_alignment=&#8221;center&#8221; _builder_version=&#8221;4.17.4&#8243; _module_preset=&#8221;default&#8221; global_colors_info=&#8221;{}&#8221;][\/et_pb_button][\/et_pb_column][et_pb_column type=&#8221;1_3&#8243; _builder_version=&#8221;4.17.3&#8243; _module_preset=&#8221;default&#8221; global_colors_info=&#8221;{}&#8221;][et_pb_text _builder_version=&#8221;4.17.4&#8243; _module_preset=&#8221;default&#8221; text_font=&#8221;Open Sans||||||||&#8221; text_font_size=&#8221;16px&#8221; header_2_font_size=&#8221;70px&#8221; global_colors_info=&#8221;{}&#8221;]<\/p>\n<p style=\"text-align: center;\"><strong>Katso lossiaikataulu<\/strong><\/p>\n<p style=\"text-align: center;\">Tarkista lossiaikataulu etuk\u00e4teen. H\u00f6gs\u00e5ran lossin aikataulut l\u00f6yd\u00e4t alla olevasta linkist\u00e4. Lossin matka kest\u00e4\u00e4 n.10min.<\/p>\n<p style=\"text-align: center;\">Kahvilaan on kymmenen minuutin k\u00e4velymatka, kaikista H\u00f6gs\u00e5ran vierassatamista.<\/p>\n<p>[\/et_pb_text][et_pb_button button_url=&#8221;https:\/\/www.finferries.fi\/lauttaliikenne\/lauttapaikat-ja-aikataulut\/hogsara.html&#8221; url_new_window=&#8221;on&#8221; button_text=&#8221;KATSO H\u00d6GS\u00c5RAN LOSSIAIKATAULU&#8221; button_alignment=&#8221;center&#8221; _builder_version=&#8221;4.17.3&#8243; _module_preset=&#8221;default&#8221; global_colors_info=&#8221;{}&#8221;][\/et_pb_button][\/et_pb_column][\/et_pb_row][\/et_pb_section][et_pb_section fb_built=&#8221;1&#8243; module_id=&#8221;ota-yhteytta&#8221; _builder_version=&#8221;4.17.3&#8243; _module_preset=&#8221;default&#8221; background_color=&#8221;#efefef&#8221; custom_margin=&#8221;||||false|false&#8221; custom_padding=&#8221;20px||20px||false|false&#8221; global_colors_info=&#8221;{}&#8221;][et_pb_row column_structure=&#8221;1_2,1_2&#8243; make_equal=&#8221;on&#8221; module_id=&#8221;ota-yhteytta&#8221; _builder_version=&#8221;4.17.3&#8243; _module_preset=&#8221;default&#8221; global_colors_info=&#8221;{}&#8221;][et_pb_column type=&#8221;1_2&#8243; _builder_version=&#8221;4.17.3&#8243; _module_preset=&#8221;default&#8221; global_colors_info=&#8221;{}&#8221;][et_pb_image src=&#8221;https:\/\/www.farmorscafe.fi\/wp-content\/uploads\/2022\/05\/40BF7459-B511-45F2-B555-4C80269BBF38-1.jpeg&#8221; title_text=&#8221;40BF7459-B511-45F2-B555-4C80269BBF38&#8243; align_tablet=&#8221;center&#8221; align_phone=&#8221;center&#8221; align_last_edited=&#8221;on|phone&#8221; _builder_version=&#8221;4.17.4&#8243; _module_preset=&#8221;default&#8221; width_tablet=&#8221;70%&#8221; width_phone=&#8221;100%&#8221; width_last_edited=&#8221;on|phone&#8221; height_tablet=&#8221;500px&#8221; height_phone=&#8221;500px&#8221; height_last_edited=&#8221;off|desktop&#8221; max_height_tablet=&#8221;500px&#8221; max_height_phone=&#8221;500px&#8221; max_height_last_edited=&#8221;off|desktop&#8221; global_colors_info=&#8221;{}&#8221;][\/et_pb_image][\/et_pb_column][et_pb_column type=&#8221;1_2&#8243; _builder_version=&#8221;4.17.3&#8243; _module_preset=&#8221;default&#8221; border_color_top=&#8221;rgba(122,114,126,0.41)&#8221; border_style_top=&#8221;dashed&#8221; border_color_bottom=&#8221;rgba(122,114,126,0.41)&#8221; border_style_bottom=&#8221;dashed&#8221; global_colors_info=&#8221;{}&#8221;][et_pb_text _builder_version=&#8221;4.24.2&#8243; _module_preset=&#8221;default&#8221; text_font=&#8221;Open Sans||||||||&#8221; text_font_size=&#8221;16px&#8221; header_2_font_size=&#8221;70px&#8221; custom_margin=&#8221;30px||||false|false&#8221; custom_margin_tablet=&#8221;20px||||false|false&#8221; custom_margin_phone=&#8221;20px||||false|false&#8221; custom_margin_last_edited=&#8221;on|phone&#8221; header_2_font_size_tablet=&#8221;60px&#8221; header_2_font_size_phone=&#8221;45px&#8221; header_2_font_size_last_edited=&#8221;on|phone&#8221; global_colors_info=&#8221;{}&#8221;]<\/p>\n<h2 style=\"text-align: center;\">Ota meihin yhteytt\u00e4<\/h2>\n<p>&nbsp;<\/p>\n<p style=\"text-align: center;\"><strong>Farmors Caf\u00e9, H\u00f6gs\u00e5ra, Finland<\/strong><\/p>\n<p style=\"text-align: center;\"><span style=\"text-decoration: underline;\"><a href=\"mailto:farmorscafe@outlook.com\">farmorscafe@outlook.com<\/a><\/span><\/p>\n<p style=\"text-align: center;\"><strong>Kahvila\/Ravintola<\/strong><\/p>\n<p style=\"text-align: center;\"><span style=\"text-decoration: underline;\"><a href=\"tel:+35824665711\">02 466 5711<\/a><\/span><\/p>\n<p style=\"text-align: center;\"><strong>Kahvilan vierasvenelaituri<\/strong><\/p>\n<p style=\"text-align: center;\"><span style=\"text-decoration: underline;\"><a href=\"tel:+3580417009205\">041 700 9205<\/a><\/span><\/p>\n<p style=\"text-align: center;\"><em>Pyrimme parhaamme mukaan vastaamaan puheluihin sek\u00e4 s\u00e4hk\u00f6posteihin aukioloaikoina<\/em><\/p>\n<p>[\/et_pb_text][\/et_pb_column][\/et_pb_row][\/et_pb_section][et_pb_section fb_built=&#8221;1&#8243; module_id=&#8221;loyda-perille&#8221; _builder_version=&#8221;4.17.3&#8243; _module_preset=&#8221;default&#8221; background_enable_color=&#8221;off&#8221; custom_margin=&#8221;||||false|false&#8221; custom_padding=&#8221;20px||20px||false|false&#8221; global_colors_info=&#8221;{}&#8221;][et_pb_row column_structure=&#8221;1_2,1_2&#8243; make_equal=&#8221;on&#8221; module_id=&#8221;loyda-perille&#8221; module_class=&#8221;reverse-columns-mobile&#8221; _builder_version=&#8221;4.17.4&#8243; _module_preset=&#8221;default&#8221; global_colors_info=&#8221;{}&#8221;][et_pb_column type=&#8221;1_2&#8243; _builder_version=&#8221;4.17.3&#8243; _module_preset=&#8221;default&#8221; border_color_top=&#8221;rgba(122,114,126,0.41)&#8221; border_style_top=&#8221;dashed&#8221; border_color_bottom=&#8221;rgba(122,114,126,0.41)&#8221; border_style_bottom=&#8221;dashed&#8221; global_colors_info=&#8221;{}&#8221;][et_pb_text _builder_version=&#8221;4.27.4&#8243; _module_preset=&#8221;default&#8221; text_font=&#8221;Open Sans||||||||&#8221; text_font_size=&#8221;16px&#8221; header_2_font_size=&#8221;70px&#8221; custom_margin=&#8221;70px||||false|false&#8221; custom_margin_tablet=&#8221;20px||||false|false&#8221; custom_margin_phone=&#8221;20px||||false|false&#8221; custom_margin_last_edited=&#8221;on|phone&#8221; header_2_font_size_tablet=&#8221;60px&#8221; header_2_font_size_phone=&#8221;45px&#8221; header_2_font_size_last_edited=&#8221;on|phone&#8221; global_colors_info=&#8221;{}&#8221;]<\/p>\n<h2 style=\"text-align: center;\">L\u00f6yd\u00e4 perille<\/h2>\n<p style=\"text-align: center;\">H\u00f6gs\u00e5ra sijaitsee 1,5h Turusta ja 2,5h automatkan p\u00e4\u00e4ss\u00e4 Helsingist\u00e4. Kahvila sijaitsee kymmenen minuutin k\u00e4velymatkan p\u00e4\u00e4ss\u00e4 kaikista H\u00f6gs\u00e5ran vierassatamista. Venevieraat ovat tervetulleita Farmors Caf\u00e9n uuteen vierassatamaan lauttalaiturin viereen. Jos tulet autolla (k\u00e4\u00e4nny Kasn\u00e4sintielt\u00e4 oikealle H\u00f6gs\u00e5ran suuntaan), voit j\u00e4tt\u00e4\u00e4 auton lauttalaiturin parkkipaikalle Svartn\u00e4sin puolelle. Tarkista lossiaikataulu etuk\u00e4teen.<\/p>\n<p style=\"text-align: center;\">My\u00f6s bussilla p\u00e4\u00e4see t\u00e4nne helposti. Bussi on sovitettu yhteen joidenkin lautta-aikataulujen kanssa. Bussipys\u00e4kki \/ lauttaterminaali: Svartn\u00e4s \/ H\u00f6gs\u00e5ra.<\/p>\n<p>[\/et_pb_text][et_pb_button button_url=&#8221;https:\/\/www.finferries.fi\/lauttaliikenne\/lauttapaikat-ja-aikataulut\/hogsara.html&#8221; url_new_window=&#8221;on&#8221; button_text=&#8221;Katso lossiaikataulut&#8221; button_alignment=&#8221;center&#8221; _builder_version=&#8221;4.17.3&#8243; _module_preset=&#8221;default&#8221; custom_margin=&#8221;0px||15px||false|false&#8221; global_colors_info=&#8221;{}&#8221;][\/et_pb_button][et_pb_button button_url=&#8221;https:\/\/www.matkahuolto.fi\/&#8221; url_new_window=&#8221;on&#8221; button_text=&#8221;Katso bussiaikataulut &#8221; button_alignment=&#8221;center&#8221; _builder_version=&#8221;4.27.6&#8243; _module_preset=&#8221;default&#8221; custom_margin=&#8221;0px||15px||false|false&#8221; global_colors_info=&#8221;{}&#8221;][\/et_pb_button][et_pb_button button_url=&#8221;https:\/\/hogsara.eu&#8221; url_new_window=&#8221;on&#8221; button_text=&#8221;Tutustu H\u00f6gs\u00e5raan&#8221; button_alignment=&#8221;center&#8221; _builder_version=&#8221;4.17.3&#8243; _module_preset=&#8221;default&#8221; custom_margin=&#8221;0px||15px||false|false&#8221; global_colors_info=&#8221;{}&#8221;][\/et_pb_button][\/et_pb_column][et_pb_column type=&#8221;1_2&#8243; _builder_version=&#8221;4.17.3&#8243; _module_preset=&#8221;default&#8221; border_color_top=&#8221;rgba(122,114,126,0.41)&#8221; border_style_top=&#8221;dashed&#8221; border_color_bottom=&#8221;rgba(122,114,126,0.41)&#8221; border_style_bottom=&#8221;dashed&#8221; global_colors_info=&#8221;{}&#8221;][et_pb_image src=&#8221;https:\/\/www.farmorscafe.fi\/wp-content\/uploads\/2022\/05\/88574185-0E7B-47D0-9457-CA481F2EC2A5.jpeg&#8221; title_text=&#8221;88574185-0E7B-47D0-9457-CA481F2EC2A5&#8243; align=&#8221;center&#8221; align_tablet=&#8221;center&#8221; align_phone=&#8221;center&#8221; align_last_edited=&#8221;on|phone&#8221; _builder_version=&#8221;4.17.4&#8243; _module_preset=&#8221;default&#8221; width=&#8221;70%&#8221; width_tablet=&#8221;70%&#8221; width_phone=&#8221;100%&#8221; width_last_edited=&#8221;on|phone&#8221; height_tablet=&#8221;500px&#8221; height_phone=&#8221;500px&#8221; height_last_edited=&#8221;off|desktop&#8221; max_height_tablet=&#8221;500px&#8221; max_height_phone=&#8221;500px&#8221; max_height_last_edited=&#8221;off|desktop&#8221; global_colors_info=&#8221;{}&#8221;][\/et_pb_image][\/et_pb_column][\/et_pb_row][\/et_pb_section][et_pb_section fb_built=&#8221;1&#8243; module_id=&#8221;aukioloajat&#8221; _builder_version=&#8221;4.17.3&#8243; _module_preset=&#8221;default&#8221; background_color=&#8221;#efefef&#8221; custom_margin=&#8221;||||false|false&#8221; custom_padding=&#8221;20px||20px||false|false&#8221; global_colors_info=&#8221;{}&#8221;][et_pb_row column_structure=&#8221;1_2,1_2&#8243; make_equal=&#8221;on&#8221; module_id=&#8221;aukioloajat&#8221; _builder_version=&#8221;4.17.3&#8243; _module_preset=&#8221;default&#8221; global_colors_info=&#8221;{}&#8221;][et_pb_column type=&#8221;1_2&#8243; _builder_version=&#8221;4.17.3&#8243; _module_preset=&#8221;default&#8221; global_colors_info=&#8221;{}&#8221;][et_pb_image src=&#8221;https:\/\/www.farmorscafe.fi\/wp-content\/uploads\/2022\/05\/8048F466-B8DD-4965-B5F2-2ACF2432018E.jpeg&#8221; title_text=&#8221;8048F466-B8DD-4965-B5F2-2ACF2432018E&#8221; align=&#8221;center&#8221; align_tablet=&#8221;center&#8221; align_phone=&#8221;center&#8221; align_last_edited=&#8221;on|tablet&#8221; _builder_version=&#8221;4.17.4&#8243; _module_preset=&#8221;default&#8221; width=&#8221;80%&#8221; width_tablet=&#8221;70%&#8221; width_phone=&#8221;100%&#8221; width_last_edited=&#8221;on|phone&#8221; height_tablet=&#8221;500px&#8221; height_phone=&#8221;500px&#8221; height_last_edited=&#8221;off|desktop&#8221; max_height_tablet=&#8221;500px&#8221; max_height_phone=&#8221;500px&#8221; max_height_last_edited=&#8221;off|desktop&#8221; global_colors_info=&#8221;{}&#8221;][\/et_pb_image][\/et_pb_column][et_pb_column type=&#8221;1_2&#8243; _builder_version=&#8221;4.17.3&#8243; _module_preset=&#8221;default&#8221; border_color_top=&#8221;rgba(122,114,126,0.41)&#8221; border_style_top=&#8221;dashed&#8221; border_color_bottom=&#8221;rgba(122,114,126,0.41)&#8221; border_style_bottom=&#8221;dashed&#8221; global_colors_info=&#8221;{}&#8221;][et_pb_text _builder_version=&#8221;4.27.6&#8243; _module_preset=&#8221;default&#8221; text_font=&#8221;Open Sans||||||||&#8221; text_font_size=&#8221;16px&#8221; header_2_font_size=&#8221;70px&#8221; custom_margin=&#8221;30px||||false|false&#8221; custom_margin_tablet=&#8221;20px||||false|false&#8221; custom_margin_phone=&#8221;20px||||false|false&#8221; custom_margin_last_edited=&#8221;on|phone&#8221; hover_enabled=&#8221;0&#8243; header_2_font_size_tablet=&#8221;60px&#8221; header_2_font_size_phone=&#8221;45px&#8221; header_2_font_size_last_edited=&#8221;on|phone&#8221; global_colors_info=&#8221;{}&#8221; sticky_enabled=&#8221;0&#8243;]<\/p>\n<h2 style=\"text-align: center;\">Aukioloajat<\/h2>\n<p style=\"text-align: center;\"><strong><\/strong><\/p>\n<p style=\"text-align: center;\"><strong>KAHVILA &amp; RAVINTOLA<\/strong><\/p>\n<p style=\"text-align: center;\"><strong><\/strong><\/p>\n<p style=\"text-align: center;\"><strong>Toukokuu<\/strong><\/p>\n<p style=\"text-align: center;\">Pe &#8211; Su @\u00a0 12 &#8211; 18<\/p>\n<p style=\"text-align: center;\"><strong>Kes\u00e4<\/strong><\/p>\n<p style=\"text-align: center;\">5 &#8211; 7.6 @ 12 &#8211; 19<\/p>\n<p style=\"text-align: center;\"><strong>AUKI JOKA P\u00c4IV\u00c4 11.6 &#8211; &gt;<\/strong><\/p>\n<p style=\"text-align: center;\">11.6 &#8211; 16.6 @\u00a0 12 &#8211; 19<\/p>\n<p style=\"text-align: center;\">17.6 &#8211; 5.7\u00a0 @\u00a0 12 &#8211; 21<\/p>\n<p style=\"text-align: center;\"><strong>6.7 \u2013 2.8 @ 12 \u2013 22<\/strong><\/p>\n<p style=\"text-align: center;\">3.8 \u2013 9.8\u00a0 @ 12 \u2013 21<\/p>\n<p style=\"text-align: center;\">10.8 \u2013 16.8 @\u00a0 12 \u2013 19<\/p>\n<p style=\"text-align: center;\"><strong>&#8211; &gt; 16.8<\/strong><\/p>\n<p style=\"text-align: center;\"><strong><\/strong><\/p>\n<p style=\"text-align: center;\">21.8 &#8211; 23.8\u00a0 @\u00a0 12 &#8211; 18<\/p>\n<p style=\"text-align: center;\">28.8 &#8211; 30.8 @ 12 &#8211; 18<\/p>\n<p style=\"text-align: center;\"><strong><\/strong><\/p>\n<p style=\"text-align: center;\"><strong>Muina aikoina sopimukseen mukaan<\/strong><\/p>\n<p style=\"text-align: center;\"><em>Keitti\u00f6 sulkeutuu tuntia ennen kahvilan sulkeutumista<\/em><\/p>\n<p style=\"text-align: center;\"><em><\/em><\/p>\n<p style=\"text-align: center;\"><em><\/em><\/p>\n<p style=\"text-align: center;\"><strong>SATAMAKIOSKI<\/strong><\/p>\n<p style=\"text-align: center;\"><strong>12.6 &#8211; 9.8 @\u00a0 9 &#8211; 21<\/strong><\/p>\n<p style=\"text-align: center;\"><strong>10.8 &#8211; 16.8 :<\/strong><\/p>\n<p style=\"text-align: center;\">Ma &#8211; To @\u00a0 12 &#8211; 18<\/p>\n<p style=\"text-align: center;\">Pe @\u00a0 12 &#8211; 21<\/p>\n<p style=\"text-align: center;\">La @\u00a0 9 &#8211; 21<\/p>\n<p style=\"text-align: center;\">Su @\u00a0 9 &#8211; 18<\/p>\n<p>[\/et_pb_text][\/et_pb_column][\/et_pb_row][\/et_pb_section][et_pb_section fb_built=&#8221;1&#8243; module_id=&#8221;meille-toihin&#8221; _builder_version=&#8221;4.17.3&#8243; _module_preset=&#8221;default&#8221; background_enable_color=&#8221;off&#8221; custom_margin=&#8221;||||false|false&#8221; custom_padding=&#8221;20px||20px||false|false&#8221; global_colors_info=&#8221;{}&#8221;][et_pb_row column_structure=&#8221;1_2,1_2&#8243; make_equal=&#8221;on&#8221; module_id=&#8221;meille-toihin&#8221; module_class=&#8221;reverse-columns-mobile&#8221; _builder_version=&#8221;4.19.0&#8243; _module_preset=&#8221;default&#8221; global_colors_info=&#8221;{}&#8221;][et_pb_column type=&#8221;1_2&#8243; _builder_version=&#8221;4.17.3&#8243; _module_preset=&#8221;default&#8221; border_color_top=&#8221;rgba(122,114,126,0.41)&#8221; border_style_top=&#8221;dashed&#8221; border_color_bottom=&#8221;rgba(122,114,126,0.41)&#8221; border_style_bottom=&#8221;dashed&#8221; global_colors_info=&#8221;{}&#8221;][et_pb_text _builder_version=&#8221;4.27.4&#8243; _module_preset=&#8221;default&#8221; text_font=&#8221;Open Sans||||||||&#8221; text_font_size=&#8221;16px&#8221; header_2_font_size=&#8221;70px&#8221; custom_margin=&#8221;50px||||false|false&#8221; custom_margin_tablet=&#8221;20px||||false|false&#8221; custom_margin_phone=&#8221;20px||||false|false&#8221; custom_margin_last_edited=&#8221;on|phone&#8221; header_2_font_size_tablet=&#8221;60px&#8221; header_2_font_size_phone=&#8221;45px&#8221; header_2_font_size_last_edited=&#8221;on|phone&#8221; global_colors_info=&#8221;{}&#8221; content__hover_enabled=&#8221;off|hover&#8221; content__hover=&#8221;<\/p>\n<h2 style=%22text-align: center;%22>Meille t\u00f6ihin<\/h2>\n<p style=%22text-align: center;%22>Meill\u00e4 ty\u00f6skennelet kauniissa ymp\u00e4rist\u00f6ss\u00e4 l\u00e4hell\u00e4 merta. Jos haluat olla vaikuttamassa saariston korkeaan palvelutasoon ja ruokael\u00e4mysten luomiseen ota rohkeasti yhteytt\u00e4 niin voimme kertoa lis\u00e4\u00e4 <strong>0505647039 <\/strong>tai l\u00e4het\u00e4 hakemuksesi 12.2 menness\u00e4 osoitteeseen <strong><a href=%22mailto:info@farmorscafe.fi%22>info@farmorscafe.fi<\/a><\/strong>. Tarjoamme henkil\u00f6kunnallemme majoitusta. Palkkaamme jatkuvasti, kuin olemme l\u00f6yt\u00e4neet teht\u00e4v\u00e4\u00e4n sopivan henkil\u00f6n.<\/p>\n<h3 style=%22text-align: center;%22><\/h3>\n<h3 style=%22text-align: center;%22><strong>Etsimme<\/strong><strong><\/strong><\/h3>\n<p><strong><\/strong><\/p>\n<p class=%22p1%22 style=%22text-align: center;%22><b>TY\u00d6NJOHTAJA<\/b><\/p>\n<p class=%22p1%22 style=%22text-align: center;%22><b> 9.6 &#8211; 20.8.2023<\/b><\/p>\n<p class=%22p3%22 style=%22text-align: center;%22>Apulais ravintolap\u00e4\u00e4likk\u00f6<\/p>\n<p class=%22p3%22 style=%22text-align: center;%22>Apulais keitti\u00f6mestari<\/p>\n<p class=%22p3%22 style=%22text-align: center;%22>Hovimestari<\/p>\n<p class=%22p1%22 style=%22text-align: center;%22><b>KETTI\u00d6 JA LEIPOMO<\/b><\/p>\n<p class=%22p1%22 style=%22text-align: center;%22><b> 12.6 &#8211; 20.8.2023<\/b><b><\/b><\/p>\n<p class=%22p3%22 style=%22text-align: center;%22>Kokki<\/p>\n<p class=%22p3%22 style=%22text-align: center;%22>Leipojia<\/p>\n<p class=%22p3%22 style=%22text-align: center;%22>Apulaiskokki<\/p>\n<p class=%22p1%22 style=%22text-align: center;%22><b>ASIAKAS- JA TARJOILUHENKIL\u00d6KUNTA <\/b><\/p>\n<p class=%22p1%22 style=%22text-align: center;%22><b>15.6 &#8211; 13.8.2023<\/b><b><\/b><\/p>\n<p class=%22p1%22 style=%22text-align: center;%22>Kassahenkil\u00f6kunta<\/p>\n<p class=%22p1%22 style=%22text-align: center;%22>Tarjoilioijta<\/p>\n<p class=%22p1%22 style=%22text-align: center;%22>Satamahenkil\u00f6kunta<\/p>\n<p>&#8221;]<\/p>\n<h2 style=\"text-align: center;\">Meille t\u00f6ihin<\/h2>\n<p>&nbsp;<\/p>\n<p style=\"text-align: center;\">Jos haluat ty\u00f6skennell\u00e4 kauniissa ymp\u00e4rist\u00f6ss\u00e4 l\u00e4hell\u00e4 merta ja laadukkaiden raaka-aineiden parissa, olemme oikea paikka sinulle. Kes\u00e4kaudellamme pyrimme p\u00e4ivitt\u00e4in valmistamaan tuotteemme ja ruokamme suurella huolella. K\u00e4yt\u00e4mme p\u00e4\u00e4osin l\u00e4hituotettuja raaka-aineita ja meill\u00e4 on oma puutarha. Ravintolamme ja kahvilamme lis\u00e4ksi meill\u00e4 on pieni leipomo ja vieraslaituri.<\/p>\n<p style=\"text-align: center;\">Etsimme intohimoisia ja luovia henkil\u00f6it\u00e4 ruoanlaittoon ja asiakaspalveluun. Jos haluat olla mukana nostamassa rimaa erinomaiselle palvelulle ja ruokael\u00e4myksille saaristossa, ota rohkeasti yhteytt\u00e4, niin kerromme lis\u00e4\u00e4. Voit my\u00f6s l\u00e4hett\u00e4\u00e4 hakemuksesi osoitteeseen <a target=\"_new\" rel=\"noopener\">farmorscafe@outlook.com<\/a> ja mainita, mink\u00e4 teht\u00e4v\u00e4n haet.<\/p>\n<p>[\/et_pb_text][\/et_pb_column][et_pb_column type=&#8221;1_2&#8243; _builder_version=&#8221;4.17.3&#8243; _module_preset=&#8221;default&#8221; border_color_top=&#8221;rgba(122,114,126,0.41)&#8221; border_style_top=&#8221;dashed&#8221; border_color_bottom=&#8221;rgba(122,114,126,0.41)&#8221; border_style_bottom=&#8221;dashed&#8221; global_colors_info=&#8221;{}&#8221;][et_pb_image src=&#8221;https:\/\/www.farmorscafe.fi\/wp-content\/uploads\/2022\/05\/2BEE8EAC-CDB6-473D-8A88-F9E1C86E6F22.jpeg&#8221; title_text=&#8221;2BEE8EAC-CDB6-473D-8A88-F9E1C86E6F22&#8243; align_tablet=&#8221;center&#8221; align_phone=&#8221;center&#8221; align_last_edited=&#8221;on|phone&#8221; _builder_version=&#8221;4.17.4&#8243; _module_preset=&#8221;default&#8221; width=&#8221;100%&#8221; width_tablet=&#8221;70%&#8221; width_phone=&#8221;100%&#8221; width_last_edited=&#8221;on|phone&#8221; height_tablet=&#8221;500px&#8221; height_phone=&#8221;500px&#8221; height_last_edited=&#8221;off|desktop&#8221; max_height_tablet=&#8221;500px&#8221; max_height_phone=&#8221;500px&#8221; max_height_last_edited=&#8221;off|desktop&#8221; global_colors_info=&#8221;{}&#8221;][\/et_pb_image][\/et_pb_column][\/et_pb_row][\/et_pb_section]<\/p>\n","protected":false},"excerpt":{"rendered":"<p>Yhteystiedot P\u00f6yt\u00e4varaus Varaa paikkasi helposti kotisivujemme kautta. Muistathan perua varauksesi tarpeen mukaan viimeist\u00e4\u00e4n 24 tuntia ennen varausta. Peruutuksen voit tehd\u00e4 s\u00e4hk\u00f6postivahvistuksessa olevan linkin\u00a0kautta.\u00a0Varaa satamapaikka Voit halutesassi varata satamapaikan viimeist\u00e4\u00e4n 48 tuntia ennen saapumistasi. Saat lis\u00e4tietoja varauksesta sek\u00e4 sataman varaustilanteesta numerosta:041 700 9205Katso lossiaikataulu Tarkista lossiaikataulu etuk\u00e4teen. H\u00f6gs\u00e5ran lossin aikataulut l\u00f6yd\u00e4t alla olevasta linkist\u00e4. Lossin matka [&hellip;]<\/p>\n","protected":false},"author":1,"featured_media":0,"parent":0,"menu_order":0,"comment_status":"closed","ping_status":"closed","template":"","meta":{"_et_pb_use_builder":"on","_et_pb_old_content":"","_et_gb_content_width":"","footnotes":""},"class_list":["post-39","page","type-page","status-publish","hentry"],"_links":{"self":[{"href":"https:\/\/www.farmorscafe.fi\/en\/wp-json\/wp\/v2\/pages\/39","targetHints":{"allow":["GET"]}}],"collection":[{"href":"https:\/\/www.farmorscafe.fi\/en\/wp-json\/wp\/v2\/pages"}],"about":[{"href":"https:\/\/www.farmorscafe.fi\/en\/wp-json\/wp\/v2\/types\/page"}],"author":[{"embeddable":true,"href":"https:\/\/www.farmorscafe.fi\/en\/wp-json\/wp\/v2\/users\/1"}],"replies":[{"embeddable":true,"href":"https:\/\/www.farmorscafe.fi\/en\/wp-json\/wp\/v2\/comments?post=39"}],"version-history":[{"count":98,"href":"https:\/\/www.farmorscafe.fi\/en\/wp-json\/wp\/v2\/pages\/39\/revisions"}],"predecessor-version":[{"id":1344,"href":"https:\/\/www.farmorscafe.fi\/en\/wp-json\/wp\/v2\/pages\/39\/revisions\/1344"}],"wp:attachment":[{"href":"https:\/\/www.farmorscafe.fi\/en\/wp-json\/wp\/v2\/media?parent=39"}],"curies":[{"name":"wp","href":"https:\/\/api.w.org\/{rel}","templated":true}]}}