{"id":35,"date":"2022-05-02T13:56:56","date_gmt":"2022-05-02T13:56:56","guid":{"rendered":"https:\/\/www.farmorscafe.fi\/?page_id=35"},"modified":"2025-02-03T14:15:12","modified_gmt":"2025-02-03T14:15:12","slug":"majoitus","status":"publish","type":"page","link":"https:\/\/www.farmorscafe.fi\/en\/majoitus\/","title":{"rendered":"ACCOMODATION"},"content":{"rendered":"<p>[et_pb_section fb_built=&#8221;1&#8243; disabled_on=&#8221;on|on|off&#8221; module_class=&#8221;pa-header&#8221; _builder_version=&#8221;4.17.4&#8243; _module_preset=&#8221;default&#8221; background_enable_color=&#8221;off&#8221; positioning=&#8221;fixed&#8221; custom_padding=&#8221;0px||0px||false|false&#8221; global_colors_info=&#8221;{}&#8221;][et_pb_row _builder_version=&#8221;4.17.4&#8243; _module_preset=&#8221;default&#8221; global_colors_info=&#8221;{}&#8221;][et_pb_column type=&#8221;4_4&#8243; _builder_version=&#8221;4.17.4&#8243; _module_preset=&#8221;default&#8221; global_colors_info=&#8221;{}&#8221;][et_pb_menu menu_style=&#8221;centered&#8221; active_link_color=&#8221;#71937D&#8221; dropdown_menu_bg_color=&#8221;#FFFFFF&#8221; dropdown_menu_line_color=&#8221;#71937D&#8221; dropdown_menu_text_color=&#8221;#7a727e&#8221; dropdown_menu_active_link_color=&#8221;#71937D&#8221; mobile_menu_bg_color=&#8221;#FFFFFF&#8221; mobile_menu_text_color=&#8221;#7a727e&#8221; menu_icon_color=&#8221;#71937D&#8221; _builder_version=&#8221;4.17.4&#8243; _module_preset=&#8221;default&#8221; menu_font=&#8221;|||on|||||&#8221; menu_text_color=&#8221;#7a727e&#8221; menu_font_size=&#8221;16px&#8221; background_enable_color=&#8221;off&#8221; global_colors_info=&#8221;{}&#8221; menu_text_color__hover_enabled=&#8221;on|desktop&#8221; menu_text_color__hover=&#8221;#71937D&#8221;][\/et_pb_menu][\/et_pb_column][\/et_pb_row][\/et_pb_section][et_pb_section fb_built=&#8221;1&#8243; disabled_on=&#8221;off|off|on&#8221; _builder_version=&#8221;4.17.4&#8243; _module_preset=&#8221;default&#8221; positioning=&#8221;fixed&#8221; custom_padding=&#8221;0px||0px||false|false&#8221; global_colors_info=&#8221;{}&#8221;][et_pb_row _builder_version=&#8221;4.17.4&#8243; _module_preset=&#8221;default&#8221; custom_margin=&#8221;15px||5px||false|false&#8221; custom_padding=&#8221;0px||0px||false|false&#8221; global_colors_info=&#8221;{}&#8221;][et_pb_column type=&#8221;4_4&#8243; _builder_version=&#8221;4.17.4&#8243; _module_preset=&#8221;default&#8221; global_colors_info=&#8221;{}&#8221;][et_pb_menu dropdown_menu_bg_color=&#8221;#FFFFFF&#8221; dropdown_menu_line_color=&#8221;#71937D&#8221; dropdown_menu_text_color=&#8221;#CACCD2&#8243; logo=&#8221;https:\/\/www.farmorscafe.fi\/wp-content\/uploads\/2022\/05\/logo-6.png&#8221; logo_url=&#8221;@ET-DC@eyJkeW5hbWljIjp0cnVlLCJjb250ZW50IjoiaG9tZV91cmwiLCJzZXR0aW5ncyI6e319@&#8221; logo_width=&#8221;60%&#8221; menu_icon_color=&#8221;#71937D&#8221; menu_icon_font_size=&#8221;45px&#8221; module_class=&#8221;dtb-menu&#8221; _builder_version=&#8221;4.17.4&#8243; _dynamic_attributes=&#8221;logo_url&#8221; _module_preset=&#8221;default&#8221; menu_font=&#8221;|||on|||||&#8221; global_colors_info=&#8221;{}&#8221;][\/et_pb_menu][\/et_pb_column][\/et_pb_row][\/et_pb_section][et_pb_section fb_built=&#8221;1&#8243; _builder_version=&#8221;4.24.2&#8243; _module_preset=&#8221;default&#8221; background_image=&#8221;https:\/\/www.farmorscafe.fi\/wp-content\/uploads\/2024\/03\/1B6F92CA-11DD-433B-8C8E-FD85B5098C79.jpeg&#8221; height=&#8221;750px&#8221; height_tablet=&#8221;400px&#8221; height_phone=&#8221;400px&#8221; height_last_edited=&#8221;on|phone&#8221; global_colors_info=&#8221;{}&#8221;][et_pb_row _builder_version=&#8221;4.17.4&#8243; _module_preset=&#8221;default&#8221; global_colors_info=&#8221;{}&#8221;][et_pb_column type=&#8221;4_4&#8243; _builder_version=&#8221;4.17.4&#8243; _module_preset=&#8221;default&#8221; global_colors_info=&#8221;{}&#8221;][\/et_pb_column][\/et_pb_row][\/et_pb_section][et_pb_section fb_built=&#8221;1&#8243; custom_padding_last_edited=&#8221;on|phone&#8221; _builder_version=&#8221;4.17.4&#8243; _module_preset=&#8221;default&#8221; custom_padding=&#8221;||0px||false|false&#8221; custom_padding_tablet=&#8221;20px||||false|false&#8221; custom_padding_phone=&#8221;20px||||false|false&#8221; global_colors_info=&#8221;{}&#8221;][et_pb_row _builder_version=&#8221;4.17.3&#8243; _module_preset=&#8221;default&#8221; global_colors_info=&#8221;{}&#8221;][et_pb_column type=&#8221;4_4&#8243; _builder_version=&#8221;4.17.3&#8243; _module_preset=&#8221;default&#8221; global_colors_info=&#8221;{}&#8221;][et_pb_text _builder_version=&#8221;4.17.4&#8243; _module_preset=&#8221;default&#8221; text_font=&#8221;Open Sans||||||||&#8221; text_font_size=&#8221;16px&#8221; header_2_font_size=&#8221;70px&#8221; header_2_font_size_tablet=&#8221;60px&#8221; header_2_font_size_phone=&#8221;45px&#8221; header_2_font_size_last_edited=&#8221;on|phone&#8221; global_colors_info=&#8221;{}&#8221;]<\/p>\n<h2 style=\"text-align: center;\">Majoitus<\/h2>\n<p>[\/et_pb_text][\/et_pb_column][\/et_pb_row][\/et_pb_section][et_pb_section fb_built=&#8221;1&#8243; _builder_version=&#8221;4.17.3&#8243; _module_preset=&#8221;default&#8221; background_color=&#8221;#efefef&#8221; custom_margin=&#8221;||||false|false&#8221; custom_padding=&#8221;20px||20px||false|false&#8221; global_colors_info=&#8221;{}&#8221;][et_pb_row column_structure=&#8221;1_2,1_2&#8243; make_equal=&#8221;on&#8221; _builder_version=&#8221;4.17.3&#8243; _module_preset=&#8221;default&#8221; global_colors_info=&#8221;{}&#8221;][et_pb_column type=&#8221;1_2&#8243; _builder_version=&#8221;4.17.3&#8243; _module_preset=&#8221;default&#8221; global_colors_info=&#8221;{}&#8221;][et_pb_image src=&#8221;https:\/\/www.farmorscafe.fi\/wp-content\/uploads\/2022\/05\/Villa-Cecilia-Hogsara_0.jpg&#8221; title_text=&#8221;Villa Cecilia H\u00f6gs\u00e5ra_0&#8243; align_tablet=&#8221;center&#8221; align_phone=&#8221;center&#8221; align_last_edited=&#8221;on|phone&#8221; _builder_version=&#8221;4.17.4&#8243; _module_preset=&#8221;default&#8221; width=&#8221;80%&#8221; width_tablet=&#8221;70%&#8221; width_phone=&#8221;100%&#8221; width_last_edited=&#8221;on|phone&#8221; height_tablet=&#8221;500px&#8221; height_phone=&#8221;500px&#8221; height_last_edited=&#8221;off|desktop&#8221; max_height_tablet=&#8221;500px&#8221; max_height_phone=&#8221;500px&#8221; max_height_last_edited=&#8221;off|desktop&#8221; global_colors_info=&#8221;{}&#8221;][\/et_pb_image][\/et_pb_column][et_pb_column type=&#8221;1_2&#8243; _builder_version=&#8221;4.17.3&#8243; _module_preset=&#8221;default&#8221; border_color_top=&#8221;rgba(122,114,126,0.41)&#8221; border_style_top=&#8221;dashed&#8221; border_color_bottom=&#8221;rgba(122,114,126,0.41)&#8221; border_style_bottom=&#8221;dashed&#8221; global_colors_info=&#8221;{}&#8221;][et_pb_text _builder_version=&#8221;4.17.3&#8243; _module_preset=&#8221;default&#8221; text_font=&#8221;Open Sans||||||||&#8221; text_font_size=&#8221;16px&#8221; header_2_font_size=&#8221;70px&#8221; custom_margin=&#8221;100px||||false|false&#8221; custom_margin_tablet=&#8221;20px||||false|false&#8221; custom_margin_phone=&#8221;20px||||false|false&#8221; custom_margin_last_edited=&#8221;on|phone&#8221; header_2_font_size_tablet=&#8221;60px&#8221; header_2_font_size_phone=&#8221;45px&#8221; header_2_font_size_last_edited=&#8221;on|phone&#8221; global_colors_info=&#8221;{}&#8221;]<\/p>\n<h2 style=\"text-align: center;\">Historia lyhyesti<\/h2>\n<p style=\"text-align: center;\">Villa Cecilia sijaitsee lyhyen k\u00e4velymatkan p\u00e4\u00e4ss\u00e4 Farmors Caf\u00e9sta. Vuonna 1910 rakennetussa talossa toimi H\u00f6gs\u00e5ran ensimm\u00e4inen kyl\u00e4kauppa \u201dFredrikssons\u201d. Siit\u00e4 l\u00e4htien Villa Ceciliassa on asunut monenlaisia persoonia, joista jokainen on antanut s\u00e4v\u00e4yksens\u00e4 taloon tunnelmaan. Sek\u00e4 kes\u00e4- ett\u00e4 talvikuukausina Villa Cecilia tarjoaa y\u00f6pymispaikkoja pienille seurueille.<\/p>\n<p>[\/et_pb_text][\/et_pb_column][\/et_pb_row][\/et_pb_section][et_pb_section fb_built=&#8221;1&#8243; _builder_version=&#8221;4.17.3&#8243; _module_preset=&#8221;default&#8221; custom_padding=&#8221;0px||||false|false&#8221; global_colors_info=&#8221;{}&#8221;][et_pb_row column_structure=&#8221;1_2,1_2&#8243; make_equal=&#8221;on&#8221; module_class=&#8221;reverse-columns-mobile&#8221; _builder_version=&#8221;4.17.4&#8243; _module_preset=&#8221;default&#8221; custom_margin=&#8221;40px||||false|false&#8221; global_colors_info=&#8221;{}&#8221;][et_pb_column type=&#8221;1_2&#8243; _builder_version=&#8221;4.17.3&#8243; _module_preset=&#8221;default&#8221; border_color_top=&#8221;rgba(122,114,126,0.41)&#8221; border_style_top=&#8221;dashed&#8221; border_color_bottom=&#8221;rgba(122,114,126,0.41)&#8221; border_style_bottom=&#8221;dashed&#8221; global_colors_info=&#8221;{}&#8221;][et_pb_text _builder_version=&#8221;4.27.3&#8243; _module_preset=&#8221;default&#8221; text_font=&#8221;Open Sans||||||||&#8221; text_font_size=&#8221;16px&#8221; header_2_font_size=&#8221;70px&#8221; custom_margin=&#8221;30px||||false|false&#8221; custom_margin_tablet=&#8221;20px||||false|false&#8221; custom_margin_phone=&#8221;20px||||false|false&#8221; custom_margin_last_edited=&#8221;on|phone&#8221; hover_enabled=&#8221;0&#8243; header_2_font_size_tablet=&#8221;60px&#8221; header_2_font_size_phone=&#8221;45px&#8221; header_2_font_size_last_edited=&#8221;on|phone&#8221; global_colors_info=&#8221;{}&#8221; sticky_enabled=&#8221;0&#8243;]<\/p>\n<h2 style=\"text-align: center;\">Vuokraa Villa Cecilia<\/h2>\n<p style=\"text-align: center;\"><strong>VILLA CECILIA ON T\u00c4YTEEN VARATTU TOUKOKUU &#8211; SYYSKUU 2025<\/strong><\/p>\n<p style=\"text-align: center;\">Villa Ceciliassa on kaksi kerrosta. Alakerta on vuokrattavissa viikoksi kerrallaan (sunnuntai-sunnuntai), tai pidemmiksi ajanjaksoiksi 5-10 henkil\u00f6n seurueille. Jos olette kiinnostuneet vuokraamaan alakertaa pidemm\u00e4ksi ajanjaksoksi on suositeltavaa olla meihin ajoissa yhteydess\u00e4.<\/p>\n<p style=\"text-align: center;\">Vuokraus on mahdollista my\u00f6s syksyll\u00e4, talvella sek\u00e4 kev\u00e4\u00e4ll\u00e4. Olkaa kahvilaan yhteydess\u00e4, mik\u00e4li otette kiinnostuneita varaamaan Villa Cecilian.<\/p>\n<p>[\/et_pb_text][et_pb_button button_url=&#8221;@ET-DC@eyJkeW5hbWljIjp0cnVlLCJjb250ZW50IjoicG9zdF9saW5rX3VybF9wYWdlIiwic2V0dGluZ3MiOnsicG9zdF9pZCI6IjM5In19@&#8221; button_text=&#8221;Ota yhteytt\u00e4&#8221; button_alignment=&#8221;center&#8221; _builder_version=&#8221;4.17.3&#8243; _dynamic_attributes=&#8221;button_url&#8221; _module_preset=&#8221;default&#8221; global_colors_info=&#8221;{}&#8221;][\/et_pb_button][\/et_pb_column][et_pb_column type=&#8221;1_2&#8243; _builder_version=&#8221;4.17.3&#8243; _module_preset=&#8221;default&#8221; border_color_top=&#8221;rgba(122,114,126,0.41)&#8221; border_style_top=&#8221;dashed&#8221; border_color_bottom=&#8221;rgba(122,114,126,0.41)&#8221; border_style_bottom=&#8221;dashed&#8221; global_colors_info=&#8221;{}&#8221;][et_pb_image src=&#8221;https:\/\/www.farmorscafe.fi\/wp-content\/uploads\/2022\/05\/E2173A5E-3E75-4E32-9E80-8E4102D5FFB1_1_201_a-1.jpeg&#8221; title_text=&#8221;E2173A5E-3E75-4E32-9E80-8E4102D5FFB1_1_201_a&#8221; align_tablet=&#8221;center&#8221; align_phone=&#8221;center&#8221; align_last_edited=&#8221;on|phone&#8221; _builder_version=&#8221;4.17.4&#8243; _module_preset=&#8221;default&#8221; width=&#8221;90%&#8221; width_tablet=&#8221;70%&#8221; width_phone=&#8221;100%&#8221; width_last_edited=&#8221;on|phone&#8221; height_tablet=&#8221;500px&#8221; height_phone=&#8221;500px&#8221; height_last_edited=&#8221;off|desktop&#8221; max_height_tablet=&#8221;500px&#8221; max_height_phone=&#8221;500px&#8221; max_height_last_edited=&#8221;off|desktop&#8221; global_colors_info=&#8221;{}&#8221;][\/et_pb_image][\/et_pb_column][\/et_pb_row][\/et_pb_section]<\/p>\n","protected":false},"excerpt":{"rendered":"<p>MajoitusHistoria lyhyesti Villa Cecilia sijaitsee lyhyen k\u00e4velymatkan p\u00e4\u00e4ss\u00e4 Farmors Caf\u00e9sta. Vuonna 1910 rakennetussa talossa toimi H\u00f6gs\u00e5ran ensimm\u00e4inen kyl\u00e4kauppa \u201dFredrikssons\u201d. Siit\u00e4 l\u00e4htien Villa Ceciliassa on asunut monenlaisia persoonia, joista jokainen on antanut s\u00e4v\u00e4yksens\u00e4 taloon tunnelmaan. Sek\u00e4 kes\u00e4- ett\u00e4 talvikuukausina Villa Cecilia tarjoaa y\u00f6pymispaikkoja pienille seurueille.Vuokraa Villa Cecilia VILLA CECILIA ON T\u00c4YTEEN VARATTU TOUKOKUU &#8211; SYYSKUU 2025 [&hellip;]<\/p>\n","protected":false},"author":1,"featured_media":0,"parent":0,"menu_order":0,"comment_status":"closed","ping_status":"closed","template":"","meta":{"_et_pb_use_builder":"on","_et_pb_old_content":"","_et_gb_content_width":"","footnotes":""},"class_list":["post-35","page","type-page","status-publish","hentry"],"_links":{"self":[{"href":"https:\/\/www.farmorscafe.fi\/en\/wp-json\/wp\/v2\/pages\/35","targetHints":{"allow":["GET"]}}],"collection":[{"href":"https:\/\/www.farmorscafe.fi\/en\/wp-json\/wp\/v2\/pages"}],"about":[{"href":"https:\/\/www.farmorscafe.fi\/en\/wp-json\/wp\/v2\/types\/page"}],"author":[{"embeddable":true,"href":"https:\/\/www.farmorscafe.fi\/en\/wp-json\/wp\/v2\/users\/1"}],"replies":[{"embeddable":true,"href":"https:\/\/www.farmorscafe.fi\/en\/wp-json\/wp\/v2\/comments?post=35"}],"version-history":[{"count":19,"href":"https:\/\/www.farmorscafe.fi\/en\/wp-json\/wp\/v2\/pages\/35\/revisions"}],"predecessor-version":[{"id":1163,"href":"https:\/\/www.farmorscafe.fi\/en\/wp-json\/wp\/v2\/pages\/35\/revisions\/1163"}],"wp:attachment":[{"href":"https:\/\/www.farmorscafe.fi\/en\/wp-json\/wp\/v2\/media?parent=35"}],"curies":[{"name":"wp","href":"https:\/\/api.w.org\/{rel}","templated":true}]}}