{"id":31,"date":"2022-05-02T13:56:38","date_gmt":"2022-05-02T13:56:38","guid":{"rendered":"https:\/\/www.farmorscafe.fi\/?page_id=31"},"modified":"2026-03-10T08:15:06","modified_gmt":"2026-03-10T08:15:06","slug":"vierasvenesatama","status":"publish","type":"page","link":"https:\/\/www.farmorscafe.fi\/en\/vierasvenesatama\/","title":{"rendered":"GUEST HARBOUR"},"content":{"rendered":"<p>[et_pb_section fb_built=&#8221;1&#8243; _builder_version=&#8221;4.17.4&#8243; _module_preset=&#8221;default&#8221; background_image=&#8221;https:\/\/www.farmorscafe.fi\/wp-content\/uploads\/2022\/05\/IMG_0131_2-min.jpg&#8221; height=&#8221;750px&#8221; height_tablet=&#8221;400px&#8221; height_phone=&#8221;400px&#8221; height_last_edited=&#8221;on|phone&#8221; global_colors_info=&#8221;{}&#8221;][et_pb_row _builder_version=&#8221;4.27.4&#8243; _module_preset=&#8221;default&#8221; global_colors_info=&#8221;{}&#8221;][et_pb_column type=&#8221;4_4&#8243; _builder_version=&#8221;4.17.4&#8243; _module_preset=&#8221;default&#8221; global_colors_info=&#8221;{}&#8221;][\/et_pb_column][\/et_pb_row][\/et_pb_section][et_pb_section fb_built=&#8221;1&#8243; custom_padding_last_edited=&#8221;on|phone&#8221; _builder_version=&#8221;4.17.4&#8243; _module_preset=&#8221;default&#8221; custom_margin_tablet=&#8221;||||false|false&#8221; custom_margin_last_edited=&#8221;off|tablet&#8221; custom_padding=&#8221;||0px||false|false&#8221; custom_padding_tablet=&#8221;20px||||false|false&#8221; custom_padding_phone=&#8221;10px||||false|false&#8221; global_colors_info=&#8221;{}&#8221;][et_pb_row _builder_version=&#8221;4.17.3&#8243; _module_preset=&#8221;default&#8221; global_colors_info=&#8221;{}&#8221;][et_pb_column type=&#8221;4_4&#8243; _builder_version=&#8221;4.17.3&#8243; _module_preset=&#8221;default&#8221; global_colors_info=&#8221;{}&#8221;][et_pb_text _builder_version=&#8221;4.27.4&#8243; _module_preset=&#8221;default&#8221; text_font=&#8221;Open Sans||||||||&#8221; text_font_size=&#8221;16px&#8221; header_2_font_size=&#8221;70px&#8221; header_3_font_size=&#8221;50px&#8221; hover_enabled=&#8221;0&#8243; header_2_font_size_tablet=&#8221;60px&#8221; header_2_font_size_phone=&#8221;35px&#8221; header_2_font_size_last_edited=&#8221;on|phone&#8221; global_colors_info=&#8221;{}&#8221; sticky_enabled=&#8221;0&#8243;]<\/p>\n<h2 style=\"text-align: center;\">Vierasvenesatama Caf\u00e9bryggan<\/h2>\n<p style=\"text-align: center;\"><span><\/span><\/p>\n<p style=\"text-align: center;\"><span>Tervetuloa Caf\u00e9brygganiin. Meille voi saapua veneell\u00e4 touko-syyskuussa. Satama tarjoaa t\u00e4yden palvelun sesonkiaikana, ja peruspalvelut ovat k\u00e4ytett\u00e4viss\u00e4 matalasesongilla. Paikat t\u00e4ytet\u00e4\u00e4n saapumisj\u00e4rjestyksess\u00e4 mutta voit halutessasi varata satamapaikan etuk\u00e4teen. Varattavia paikkoja on rajattu m\u00e4\u00e4r\u00e4. Veloitamme etuk\u00e4teen varatusta satamamapaikasta lis\u00e4hinnan. Varauksen voi tehd\u00e4 viimeist\u00e4\u00e4n 48 tuntia ennen saapumista.\u00a0<\/span><\/p>\n<p style=\"text-align: center;\"><span><\/span><\/p>\n<p style=\"text-align: center;\">Sataman s\u00e4\u00e4nn\u00f6t ovat n\u00e4ht\u00e4vill\u00e4 sataman infotaululla. Kiinnittym\u00e4ll\u00e4 laituriin hyv\u00e4ksytte sataman s\u00e4\u00e4nn\u00f6t.<\/p>\n<p>[\/et_pb_text][et_pb_button button_url=&#8221;https:\/\/slotti.fi\/booking\/cafebryggan\/&#8221; url_new_window=&#8221;on&#8221; button_text=&#8221;Varaa satamapaikka&#8221; button_alignment=&#8221;center&#8221; _builder_version=&#8221;4.17.4&#8243; _module_preset=&#8221;default&#8221; custom_button=&#8221;on&#8221; button_text_size=&#8221;18px&#8221; custom_margin=&#8221;||20px||false|false&#8221; global_colors_info=&#8221;{}&#8221;][\/et_pb_button][\/et_pb_column][\/et_pb_row][\/et_pb_section][et_pb_section fb_built=&#8221;1&#8243; _builder_version=&#8221;4.17.3&#8243; _module_preset=&#8221;default&#8221; background_color=&#8221;#efefef&#8221; custom_margin=&#8221;||||false|false&#8221; custom_padding=&#8221;20px||20px||false|false&#8221; global_colors_info=&#8221;{}&#8221;][et_pb_row column_structure=&#8221;1_2,1_2&#8243; make_equal=&#8221;on&#8221; _builder_version=&#8221;4.17.3&#8243; _module_preset=&#8221;default&#8221; global_colors_info=&#8221;{}&#8221;][et_pb_column type=&#8221;1_2&#8243; _builder_version=&#8221;4.17.3&#8243; _module_preset=&#8221;default&#8221; global_colors_info=&#8221;{}&#8221;][et_pb_image src=&#8221;https:\/\/www.farmorscafe.fi\/wp-content\/uploads\/2022\/05\/40F7CC18-E1B1-428A-BBAA-380558C3C0A9-min.jpeg&#8221; title_text=&#8221;40F7CC18-E1B1-428A-BBAA-380558C3C0A9-min&#8221; align_tablet=&#8221;center&#8221; align_phone=&#8221;center&#8221; align_last_edited=&#8221;on|phone&#8221; _builder_version=&#8221;4.17.4&#8243; _module_preset=&#8221;default&#8221; custom_margin=&#8221;||||false|false&#8221; global_colors_info=&#8221;{}&#8221;][\/et_pb_image][\/et_pb_column][et_pb_column type=&#8221;1_2&#8243; _builder_version=&#8221;4.17.3&#8243; _module_preset=&#8221;default&#8221; border_color_top=&#8221;rgba(122,114,126,0.41)&#8221; border_style_top=&#8221;dashed&#8221; border_color_bottom=&#8221;rgba(122,114,126,0.41)&#8221; border_style_bottom=&#8221;dashed&#8221; global_colors_info=&#8221;{}&#8221;][et_pb_text module_id=&#8221;satama&#8221; _builder_version=&#8221;4.27.4&#8243; _module_preset=&#8221;default&#8221; text_font=&#8221;Open Sans||||||||&#8221; text_font_size=&#8221;16px&#8221; link_text_color=&#8221;#71937D&#8221; header_2_font_size=&#8221;70px&#8221; header_3_font_size=&#8221;50px&#8221; custom_margin=&#8221;20px||20px||false|false&#8221; header_3_font_size_tablet=&#8221;50px&#8221; header_3_font_size_phone=&#8221;45px&#8221; header_3_font_size_last_edited=&#8221;on|phone&#8221; global_colors_info=&#8221;{}&#8221;]<\/p>\n<h3 style=\"text-align: center;\">Satamatiedot<\/h3>\n<p style=\"text-align: center;\">59\u00b0 57,3 \u2013 E22\u00b022,2\u00b4<br \/>P\u00e4iv\u00e4 \u2013 ja y\u00f6pys\u00e4k\u00f6inti<\/p>\n<p style=\"text-align: center;\">Tilaa noin 20 veneelle (Aisa- ja kylkikiinnitys)<\/p>\n<p style=\"text-align: center;\">Syvyys: 2,0m \u2013 3,5m<\/p>\n<p style=\"text-align: center;\"><em>Satamakioski, s\u00e4hk\u00f6, vesivessa, suihku, j\u00e4teastia ja tiskausmahdollisuus<\/em><\/p>\n<p style=\"text-align: center;\"><strong>Satamamaksu: <\/strong><\/p>\n<p style=\"text-align: center;\">2\u20ac\/tunti (v\u00e4h.6\u20ac)<\/p>\n<p style=\"text-align: center;\">30\u20ac\/y\u00f6<\/p>\n<p style=\"text-align: center;\">yli 50ft &#8211; 55\u20ac\/y\u00f6<\/p>\n<p style=\"text-align: center;\">Maksun voi helposti suorittaa <strong>Parkman \/ Easypark<\/strong> sovelluksella, satamakioskissa tai Farmors Caf\u00e9ssa.<\/p>\n<p style=\"text-align: center;\">Caf\u00e9bryggan on rauhallinen vierasvenesatama\u00a0kyl\u00e4lahden pohjoispuolella. Satama on mukana\u00a0Smart Marina &amp;\u00a0Interreg Baltic-hankkeessa, jossa tavoitteena on kest\u00e4vien, ymp\u00e4rist\u00f6yst\u00e4v\u00e4llisten ja hyvintoimivien ratkaisujen saaminen It\u00e4meren satamiin. S\u00e4hk\u00f6t vierasvenesatamaan tulevat saaren tuulimyllyist\u00e4 ja sataman aurinkopaneeleista.<\/p>\n<p style=\"text-align: center;\"><span>Voit halutessasi varata satamapaikan etuk\u00e4teen. Veloitamme etuk\u00e4teen varatusta satamamapaikasta lis\u00e4hinnan. Varauksen voi tehd\u00e4 viimeist\u00e4\u00e4n 48 tuntia ennen saapumista. Varaus on sitova.<\/span><\/p>\n<p style=\"text-align: center;\"><span>Pid\u00e4t\u00e4mme oikeuden tarvittaessa siirt\u00e4\u00e4 ja avustaa vieraidemme veneit\u00e4 satama-alueen sis\u00e4ll\u00e4 sataman sujuvan toiminnan varmistamiseksi. Sataman rajatun koon takia, satamaan voi j\u00e4\u00e4d\u00e4 useammaksi y\u00f6ksi per\u00e4kk\u00e4in vain satamahenkil\u00f6kunnan luvalla.<\/span><\/p>\n<p>[\/et_pb_text][et_pb_text module_id=&#8221;satama&#8221; _builder_version=&#8221;4.17.4&#8243; _module_preset=&#8221;default&#8221; text_font=&#8221;Open Sans||||||||&#8221; text_font_size=&#8221;16px&#8221; link_text_color=&#8221;#71937D&#8221; header_2_font_size=&#8221;70px&#8221; header_3_font_size=&#8221;50px&#8221; custom_margin=&#8221;20px||20px||false|false&#8221; global_colors_info=&#8221;{}&#8221;]<\/p>\n<p style=\"text-align: center;\"><span>Saat lis\u00e4tietoja varauksesta sek\u00e4 sataman varaustilanteesta numerosta:<br \/><span style=\"text-decoration: underline;\"><a href=\"tel:+3580417009205\">041 700 9205<\/a><\/span><br \/><\/span><\/p>\n<p>[\/et_pb_text][et_pb_button button_url=&#8221;https:\/\/slotti.fi\/booking\/cafebryggan\/&#8221; url_new_window=&#8221;on&#8221; button_text=&#8221;Varaa satamapaikka&#8221; button_alignment=&#8221;center&#8221; _builder_version=&#8221;4.17.4&#8243; _module_preset=&#8221;default&#8221; custom_button=&#8221;on&#8221; button_text_size=&#8221;18px&#8221; custom_margin=&#8221;||||false|false&#8221; global_colors_info=&#8221;{}&#8221;][\/et_pb_button][\/et_pb_column][\/et_pb_row][\/et_pb_section][et_pb_section fb_built=&#8221;1&#8243; _builder_version=&#8221;4.17.3&#8243; _module_preset=&#8221;default&#8221; background_enable_color=&#8221;off&#8221; custom_margin=&#8221;||||false|false&#8221; custom_padding=&#8221;20px||20px||false|false&#8221; global_colors_info=&#8221;{}&#8221;][et_pb_row column_structure=&#8221;1_2,1_2&#8243; make_equal=&#8221;on&#8221; module_class=&#8221;reverse-columns-mobile&#8221; _builder_version=&#8221;4.17.4&#8243; _module_preset=&#8221;default&#8221; global_colors_info=&#8221;{}&#8221;][et_pb_column type=&#8221;1_2&#8243; _builder_version=&#8221;4.17.3&#8243; _module_preset=&#8221;default&#8221; border_color_top=&#8221;rgba(122,114,126,0.41)&#8221; border_style_top=&#8221;dashed&#8221; border_color_bottom=&#8221;rgba(122,114,126,0.41)&#8221; border_style_bottom=&#8221;dashed&#8221; global_colors_info=&#8221;{}&#8221;][et_pb_text _builder_version=&#8221;4.27.4&#8243; _module_preset=&#8221;default&#8221; text_font=&#8221;Open Sans||||||||&#8221; text_font_size=&#8221;16px&#8221; header_2_font_size=&#8221;70px&#8221; header_3_font_size=&#8221;50px&#8221; custom_margin=&#8221;40px||||false|false&#8221; custom_margin_tablet=&#8221;20px||||false|false&#8221; custom_margin_phone=&#8221;20px||||false|false&#8221; custom_margin_last_edited=&#8221;on|phone&#8221; custom_padding=&#8221;||9px|||&#8221; hover_enabled=&#8221;0&#8243; header_3_font_size_tablet=&#8221;50px&#8221; header_3_font_size_phone=&#8221;45px&#8221; header_3_font_size_last_edited=&#8221;on|phone&#8221; global_colors_info=&#8221;{}&#8221; sticky_enabled=&#8221;0&#8243;]<\/p>\n<h3 style=\"text-align: center;\">Satamakioski<\/h3>\n<p style=\"text-align: center;\">Satamakioskista l\u00f6ytyy Farmors Caf\u00e9n aamutuoretta\u00a0leip\u00e4\u00e4, pikkusuolaisia, juomia,\u00a0makeita herkkuja ja j\u00e4\u00e4tel\u00f6\u00e4.<\/p>\n<p style=\"text-align: center;\"><strong>Satamakioskin aukioloajat:<\/strong><\/p>\n<p style=\"text-align: center;\"><strong>12.6 \u2013 9.8 @\u00a0 9-21<\/strong><\/p>\n<p style=\"text-align: center;\"><strong>10.8 \u2013 16.8 :<\/strong><\/p>\n<p style=\"text-align: center;\">Ma \u2013 To @\u00a0 12 \u2013 18<\/p>\n<p style=\"text-align: center;\">Pe @\u00a0 12 \u2013 21<\/p>\n<p style=\"text-align: center;\">La @\u00a0 9 \u2013 21<\/p>\n<p style=\"text-align: center;\">Su @\u00a0 9 \u2013 18<\/p>\n<p style=\"text-align: center;\">\n<p style=\"text-align: center;\"><strong>Satamakioski on auki viikonloppuisin elokuun kahtena viimeisin\u00e4 viikonloppuina s\u00e4\u00e4varauksella<\/strong><\/p>\n<p>[\/et_pb_text][\/et_pb_column][et_pb_column type=&#8221;1_2&#8243; _builder_version=&#8221;4.17.3&#8243; _module_preset=&#8221;default&#8221; border_color_top=&#8221;rgba(122,114,126,0.41)&#8221; border_style_top=&#8221;dashed&#8221; border_color_bottom=&#8221;rgba(122,114,126,0.41)&#8221; border_style_bottom=&#8221;dashed&#8221; global_colors_info=&#8221;{}&#8221;][et_pb_image src=&#8221;https:\/\/www.farmorscafe.fi\/wp-content\/uploads\/2022\/05\/478B943F-2193-43EB-A59E-5753C6EAC1F3-min.jpeg&#8221; title_text=&#8221;478B943F-2193-43EB-A59E-5753C6EAC1F3-min&#8221; align_tablet=&#8221;center&#8221; align_phone=&#8221;center&#8221; align_last_edited=&#8221;on|phone&#8221; _builder_version=&#8221;4.17.4&#8243; _module_preset=&#8221;default&#8221; custom_margin=&#8221;40px||||false|false&#8221; custom_margin_tablet=&#8221;0px||||false|false&#8221; custom_margin_phone=&#8221;0px||||false|false&#8221; custom_margin_last_edited=&#8221;on|phone&#8221; global_colors_info=&#8221;{}&#8221;][\/et_pb_image][\/et_pb_column][\/et_pb_row][\/et_pb_section]<\/p>\n","protected":false},"excerpt":{"rendered":"<p>Vierasvenesatama Caf\u00e9bryggan Tervetuloa Caf\u00e9brygganiin. Meille voi saapua veneell\u00e4 touko-syyskuussa. Satama tarjoaa t\u00e4yden palvelun sesonkiaikana, ja peruspalvelut ovat k\u00e4ytett\u00e4viss\u00e4 matalasesongilla. Paikat t\u00e4ytet\u00e4\u00e4n saapumisj\u00e4rjestyksess\u00e4 mutta voit halutessasi varata satamapaikan etuk\u00e4teen. Varattavia paikkoja on rajattu m\u00e4\u00e4r\u00e4. Veloitamme etuk\u00e4teen varatusta satamamapaikasta lis\u00e4hinnan. Varauksen voi tehd\u00e4 viimeist\u00e4\u00e4n 48 tuntia ennen saapumista.\u00a0 Sataman s\u00e4\u00e4nn\u00f6t ovat n\u00e4ht\u00e4vill\u00e4 sataman infotaululla. Kiinnittym\u00e4ll\u00e4 laituriin hyv\u00e4ksytte [&hellip;]<\/p>\n","protected":false},"author":1,"featured_media":0,"parent":0,"menu_order":0,"comment_status":"closed","ping_status":"closed","template":"","meta":{"_et_pb_use_builder":"on","_et_pb_old_content":"","_et_gb_content_width":"","footnotes":""},"class_list":["post-31","page","type-page","status-publish","hentry"],"_links":{"self":[{"href":"https:\/\/www.farmorscafe.fi\/en\/wp-json\/wp\/v2\/pages\/31","targetHints":{"allow":["GET"]}}],"collection":[{"href":"https:\/\/www.farmorscafe.fi\/en\/wp-json\/wp\/v2\/pages"}],"about":[{"href":"https:\/\/www.farmorscafe.fi\/en\/wp-json\/wp\/v2\/types\/page"}],"author":[{"embeddable":true,"href":"https:\/\/www.farmorscafe.fi\/en\/wp-json\/wp\/v2\/users\/1"}],"replies":[{"embeddable":true,"href":"https:\/\/www.farmorscafe.fi\/en\/wp-json\/wp\/v2\/comments?post=31"}],"version-history":[{"count":63,"href":"https:\/\/www.farmorscafe.fi\/en\/wp-json\/wp\/v2\/pages\/31\/revisions"}],"predecessor-version":[{"id":1288,"href":"https:\/\/www.farmorscafe.fi\/en\/wp-json\/wp\/v2\/pages\/31\/revisions\/1288"}],"wp:attachment":[{"href":"https:\/\/www.farmorscafe.fi\/en\/wp-json\/wp\/v2\/media?parent=31"}],"curies":[{"name":"wp","href":"https:\/\/api.w.org\/{rel}","templated":true}]}}